{"id":2337,"date":"2020-05-12T14:57:56","date_gmt":"2020-05-12T12:57:56","guid":{"rendered":"https:\/\/nobledent.de.w017da26.kasserver.com\/clinica-dental\/protesis\/schienentherapie\/"},"modified":"2020-08-05T08:40:16","modified_gmt":"2020-08-05T06:40:16","slug":"terapia-con-ferulas","status":"publish","type":"page","link":"https:\/\/nobledent.de\/es\/clinica-dental\/protesis\/terapia-con-ferulas\/","title":{"rendered":"Terapia con f\u00e9rulas"},"content":{"rendered":"<div id='av_section_1'  class='avia-section main_color avia-section-default avia-no-border-styling  avia-full-stretch avia-bg-style-scroll  avia-builder-el-0  el_before_av_submenu  avia-builder-el-first   av-minimum-height av-minimum-height-custom  container_wrap fullsize' style='background-repeat: no-repeat; background-image: url(https:\/\/nobledent.de\/wp-content\/uploads\/2020\/02\/nobledent-stage-demo.jpg);background-attachment: scroll; background-position: center center;  '  data-section-bg-repeat='stretch'><div class='container' style='height:200px'><main  role=\"main\" itemprop=\"mainContentOfPage\"  class='template-page content  av-content-full alpha units'><div class='post-entry post-entry-type-page post-entry-2337'><div class='entry-content-wrapper clearfix'>\n<\/div><\/div><\/main><!-- close content main element --><\/div><\/div><div class='clear'><\/div><div id='sub_menu1'  class='av-submenu-container main_color  avia-builder-el-1  el_after_av_section  el_before_av_submenu  submenu-style-3 av-sticky-submenu  submenu-not-first container_wrap fullsize' style='  z-index:301' ><div class='container av-menu-mobile-disabled '><ul id=\"menu-switch-menu-es\" class=\"av-subnav-menu av-submenu-pos-center\"><li id=\"menu-item-2479\" class=\"menu-item menu-item-type-post_type menu-item-object-page menu-item-top-level menu-item-top-level-1\"><a href=\"https:\/\/nobledent.de\/es\/clinica-dental\/\" itemprop=\"url\"><span class=\"avia-bullet\"><\/span><span class=\"avia-menu-text\">Clinica dental<\/span><span class=\"avia-menu-fx\"><span class=\"avia-arrow-wrap\"><span class=\"avia-arrow\"><\/span><\/span><\/span><\/a><\/li>\n<li id=\"menu-item-2481\" class=\"menu-item menu-item-type-post_type menu-item-object-page menu-item-top-level menu-item-top-level-2\"><a href=\"https:\/\/nobledent.de\/es\/laboratorio-dental\/\" itemprop=\"url\"><span class=\"avia-bullet\"><\/span><span class=\"avia-menu-text\">Laboratorio Dental<\/span><span class=\"avia-menu-fx\"><span class=\"avia-arrow-wrap\"><span class=\"avia-arrow\"><\/span><\/span><\/span><\/a><\/li>\n<li id=\"menu-item-2480\" class=\"menu-item menu-item-type-post_type menu-item-object-page menu-item-top-level menu-item-top-level-3\"><a href=\"https:\/\/nobledent.de\/es\/formacion-adicional\/\" itemprop=\"url\"><span class=\"avia-bullet\"><\/span><span class=\"avia-menu-text\">Formaci\u00f3n adicional<\/span><span class=\"avia-menu-fx\"><span class=\"avia-arrow-wrap\"><span class=\"avia-arrow\"><\/span><\/span><\/span><\/a><\/li>\n<\/ul><\/div><\/div><div class='sticky_placeholder'><\/div>\n<div class='clear'><\/div><div id='sub_menu2'  class='av-submenu-container main_color  avia-builder-el-2  el_after_av_submenu  el_before_av_hr  submenu_zahnarztpraxis av-sticky-submenu  submenu-not-first container_wrap fullsize' style='  z-index:302' ><div class='container av-menu-mobile-disabled '><ul id=\"menu-switch-menu-clinica-dental\" class=\"av-subnav-menu av-submenu-pos-left\"><li id=\"menu-item-2484\" class=\"menu-item menu-item-type-post_type menu-item-object-page menu-item-top-level menu-item-top-level-1\"><a href=\"https:\/\/nobledent.de\/es\/clinica-dental\/nuestros-horarios\/\" itemprop=\"url\"><span class=\"avia-bullet\"><\/span><span class=\"avia-menu-text\">Nuestros horarios<\/span><span class=\"avia-menu-fx\"><span class=\"avia-arrow-wrap\"><span class=\"avia-arrow\"><\/span><\/span><\/span><\/a><\/li>\n<li id=\"menu-item-2483\" class=\"menu-item menu-item-type-post_type menu-item-object-page menu-item-top-level menu-item-top-level-2\"><a href=\"https:\/\/nobledent.de\/es\/clinica-dental\/nuestro-equipo\/\" itemprop=\"url\"><span class=\"avia-bullet\"><\/span><span class=\"avia-menu-text\">Nuestro equipo<\/span><span class=\"avia-menu-fx\"><span class=\"avia-arrow-wrap\"><span class=\"avia-arrow\"><\/span><\/span><\/span><\/a><\/li>\n<li id=\"menu-item-2485\" class=\"menu-item menu-item-type-post_type menu-item-object-page menu-item-has-children menu-item-top-level menu-item-top-level-3\"><a href=\"https:\/\/nobledent.de\/es\/clinica-dental\/odontologia-estetica\/\" itemprop=\"url\"><span class=\"avia-bullet\"><\/span><span class=\"avia-menu-text\">Odontolog\u00eda est\u00e9tica<\/span><span class=\"avia-menu-fx\"><span class=\"avia-arrow-wrap\"><span class=\"avia-arrow\"><\/span><\/span><\/span><\/a>\n\n\n<ul class=\"sub-menu\">\n\t<li id=\"menu-item-3104\" class=\"menu-item menu-item-type-post_type menu-item-object-page\"><a href=\"https:\/\/nobledent.de\/es\/clinica-dental\/odontologia-estetica\/\" itemprop=\"url\"><span class=\"avia-bullet\"><\/span><span class=\"avia-menu-text\">Odontolog\u00eda est\u00e9tica<\/span><\/a><\/li>\n\t<li id=\"menu-item-2489\" class=\"menu-item menu-item-type-post_type menu-item-object-page\"><a href=\"https:\/\/nobledent.de\/es\/clinica-dental\/odontologia-estetica\/digital-smile-design\/\" itemprop=\"url\"><span class=\"avia-bullet\"><\/span><span class=\"avia-menu-text\">Digital Smile Design<\/span><\/a><\/li>\n\t<li id=\"menu-item-2487\" class=\"menu-item menu-item-type-post_type menu-item-object-page\"><a href=\"https:\/\/nobledent.de\/es\/clinica-dental\/odontologia-estetica\/carillas\/\" itemprop=\"url\"><span class=\"avia-bullet\"><\/span><span class=\"avia-menu-text\">Carillas<\/span><\/a><\/li>\n\t<li id=\"menu-item-2488\" class=\"menu-item menu-item-type-post_type menu-item-object-page\"><a href=\"https:\/\/nobledent.de\/es\/clinica-dental\/odontologia-estetica\/ceramica\/\" itemprop=\"url\"><span class=\"avia-bullet\"><\/span><span class=\"avia-menu-text\">Cer\u00e1mica<\/span><\/a><\/li>\n\t<li id=\"menu-item-2486\" class=\"menu-item menu-item-type-post_type menu-item-object-page\"><a href=\"https:\/\/nobledent.de\/es\/clinica-dental\/odontologia-estetica\/blanqueo-y-limpieza-dental-profesional\/\" itemprop=\"url\"><span class=\"avia-bullet\"><\/span><span class=\"avia-menu-text\">Blanqueo y limpieza dental profesional<\/span><\/a><\/li>\n<\/ul>\n<\/li>\n<li id=\"menu-item-2482\" class=\"menu-item menu-item-type-post_type menu-item-object-page menu-item-top-level menu-item-top-level-4\"><a href=\"https:\/\/nobledent.de\/es\/clinica-dental\/implantologia\/\" itemprop=\"url\"><span class=\"avia-bullet\"><\/span><span class=\"avia-menu-text\">Implantolog\u00eda<\/span><span class=\"avia-menu-fx\"><span class=\"avia-arrow-wrap\"><span class=\"avia-arrow\"><\/span><\/span><\/span><\/a><\/li>\n<li id=\"menu-item-2490\" class=\"menu-item menu-item-type-post_type menu-item-object-page menu-item-has-children menu-item-top-level menu-item-top-level-5\"><a href=\"https:\/\/nobledent.de\/es\/clinica-dental\/protesis\/\" itemprop=\"url\"><span class=\"avia-bullet\"><\/span><span class=\"avia-menu-text\">Pr\u00f3tesis<\/span><span class=\"avia-menu-fx\"><span class=\"avia-arrow-wrap\"><span class=\"avia-arrow\"><\/span><\/span><\/span><\/a>\n\n\n<ul class=\"sub-menu\">\n\t<li id=\"menu-item-3105\" class=\"menu-item menu-item-type-post_type menu-item-object-page\"><a href=\"https:\/\/nobledent.de\/es\/clinica-dental\/protesis\/\" itemprop=\"url\"><span class=\"avia-bullet\"><\/span><span class=\"avia-menu-text\">Pr\u00f3tesis<\/span><\/a><\/li>\n\t<li id=\"menu-item-2492\" class=\"menu-item menu-item-type-post_type menu-item-object-page\"><a href=\"https:\/\/nobledent.de\/es\/clinica-dental\/protesis\/terapia-con-ferulas\/\" itemprop=\"url\"><span class=\"avia-bullet\"><\/span><span class=\"avia-menu-text\">Terapia con f\u00e9rulas<\/span><\/a><\/li>\n<\/ul>\n<\/li>\n<li id=\"menu-item-2491\" class=\"menu-item menu-item-type-post_type menu-item-object-page menu-item-top-level menu-item-top-level-6\"><a href=\"https:\/\/nobledent.de\/es\/contacto\/\" itemprop=\"url\"><span class=\"avia-bullet\"><\/span><span class=\"avia-menu-text\">Contacto<\/span><span class=\"avia-menu-fx\"><span class=\"avia-arrow-wrap\"><span class=\"avia-arrow\"><\/span><\/span><\/span><\/a><\/li>\n<\/ul><\/div><\/div><div class='sticky_placeholder'><\/div><div id='after_submenu'  class='main_color av_default_container_wrap container_wrap fullsize' style=' '  ><div class='container' ><div class='template-page content  av-content-full alpha units'><div class='post-entry post-entry-type-page post-entry-2337'><div class='entry-content-wrapper clearfix'>\n<div  style='height:20px' class='hr hr-invisible  av-small-hide av-mini-hide  avia-builder-el-3  el_after_av_submenu  el_before_av_layout_row  avia-builder-el-no-sibling '><span class='hr-inner ' ><span class='hr-inner-style'><\/span><\/span><\/div>\n<\/div><\/div><\/div><!-- close content main div --><\/div><\/div><div id='av-layout-grid-1'  class='av-layout-grid-container entry-content-wrapper main_color av-flex-cells     avia-builder-el-4  el_after_av_hr  el_before_av_hr  submenu-not-first container_wrap fullsize' style=' '  >\n<div class=\"flex_cell no_margin av_one_half  avia-builder-el-5  el_before_av_cell_one_half  avia-builder-el-first   \"  style='vertical-align:top; padding:50px; ' ><div class='flex_cell_inner' ><div class=\"flex_column av_one_full  flex_column_div av-zero-column-padding first  avia-builder-el-6  avia-builder-el-no-sibling  \" style='border-radius:0px; '><p><div  style='padding-bottom:10px; ' class='av-special-heading av-special-heading-h1  blockquote modern-quote  avia-builder-el-7  el_before_av_textblock  avia-builder-el-first  av-thin-font '><h1 class='av-special-heading-tag '  itemprop=\"headline\"  ><strong>F\u00e9rula de mordida<\/strong><\/h1><div class='special-heading-border'><div class='special-heading-inner-border' ><\/div><\/div><\/div><br \/>\n<section class=\"av_textblock_section \"  itemscope=\"itemscope\" itemtype=\"https:\/\/schema.org\/CreativeWork\" ><div class='avia_textblock  '   itemprop=\"text\" ><p><strong>El rechinamiento de los dientes<\/strong> (t\u00e9rmino m\u00e9dico: bruxismo) no es en realidad una enfermedad, sino s\u00f3lo un s\u00edntoma que puede ser causado por una amplia variedad de enfermedades. Este es un problema generalizado. La mayor\u00eda de las veces, inconscientemente apretamos los dientes durante el sue\u00f1o, ya que el cerebro procesa el estr\u00e9s del d\u00eda anterior durante la fase de relajaci\u00f3n.<\/p>\n<p>En la mayor\u00eda de los casos, el rechinamiento inconsciente de los dientes s\u00f3lo se nota despu\u00e9s de que los dientes ya han sufrido da\u00f1os visibles. La alta presi\u00f3n que se acumula entre los dientes al rechinarlos roza la superficie de los dientes y da\u00f1a el esmalte. Una vez que se destruye, el diente sensible queda expuesto y es m\u00e1s susceptible a la enfermedad. La peor consecuencia del rechinamiento de los dientes es la p\u00e9rdida completa del diente, si el diente se rompe a lo largo debido a demasiada presi\u00f3n sobre el mismo.<\/p>\n<p><strong>Las f\u00e9rulas de mordida<\/strong> son f\u00e9rulas oclusivas que tienen por objeto proteger los dientes de los da\u00f1os consecuentes en caso de rechinar los dientes de forma severa. Suelen ser transparentes y se colocan en los dientes de la mand\u00edbula inferior durante el tiempo de molienda. As\u00ed forman una barrera entre la mand\u00edbula superior e inferior y evitan la continua abrasi\u00f3n del esmalte en la superficie de los dientes.<\/p>\n<p>Si se ha decidido por una f\u00e9rula de crujido, haremos una impresi\u00f3n de la mand\u00edbula superior e inferior. Esto se hace relativamente r\u00e1pido y sin dolor. Un modelo 3D de la mand\u00edbula se har\u00e1 de esta impresi\u00f3n en nuestro laboratorio dental. La f\u00e9rula de crujido se adapta ahora individualmente al modelo para garantizar un ajuste perfecto.<\/p>\n<\/div><\/section><\/p><\/div>\n<\/div><\/div><div class=\"flex_cell no_margin av_one_half  avia-builder-el-9  el_after_av_cell_one_half  avia-builder-el-last   avia-full-stretch \"  style='background:url(https:\/\/nobledent.de\/wp-content\/uploads\/2020\/05\/Nobledent_aufbi\u00dfschiene_Bruxismus-1030x687.jpg) center center no-repeat scroll; vertical-align:middle; padding:30px; ' ><div class='flex_cell_inner' ><\/div><\/div>\n<\/div><div id='after_submenu_1'  class='main_color av_default_container_wrap container_wrap fullsize' style=' '  ><div class='container' ><div class='template-page content  av-content-full alpha units'><div class='post-entry post-entry-type-page post-entry-2337'><div class='entry-content-wrapper clearfix'>\n<div  style='height:20px' class='hr hr-invisible  av-small-hide av-mini-hide  avia-builder-el-10  el_after_av_layout_row  el_before_av_layout_row  avia-builder-el-no-sibling '><span class='hr-inner ' ><span class='hr-inner-style'><\/span><\/span><\/div>\n<\/div><\/div><\/div><!-- close content main div --><\/div><\/div><div id='av-layout-grid-2'  class='av-layout-grid-container entry-content-wrapper main_color av-flex-cells     avia-builder-el-11  el_after_av_hr  el_before_av_hr  submenu-not-first container_wrap fullsize' style=' '  >\n<div class=\"flex_cell no_margin av_one_half  avia-builder-el-12  el_before_av_cell_one_half  avia-builder-el-first   avia-full-stretch \"  style='background:url(https:\/\/nobledent.de\/wp-content\/uploads\/2020\/05\/Nobledent_Schnarcherschiene_Schnarcher_Paar-1030x687.jpg) center center no-repeat scroll; vertical-align:top; padding:30px; ' ><div class='flex_cell_inner' ><\/div><\/div><div class=\"flex_cell no_margin av_one_half  avia-builder-el-13  el_after_av_cell_one_half  avia-builder-el-last   \"  style='vertical-align:middle; padding:50px; ' ><div class='flex_cell_inner' ><div class=\"flex_column av_one_full  flex_column_div av-zero-column-padding first  avia-builder-el-14  avia-builder-el-no-sibling  \" style='border-radius:0px; '><p><div  style='padding-bottom:10px; ' class='av-special-heading av-special-heading-h2  blockquote modern-quote  avia-builder-el-15  el_before_av_textblock  avia-builder-el-first  av-thin-font '><h2 class='av-special-heading-tag '  itemprop=\"headline\"  ><strong>Remedio para los roncadores<\/strong><\/h2><div class='special-heading-border'><div class='special-heading-inner-border' ><\/div><\/div><\/div><br \/>\n<section class=\"av_textblock_section \"  itemscope=\"itemscope\" itemtype=\"https:\/\/schema.org\/CreativeWork\" ><div class='avia_textblock  '   itemprop=\"text\" ><p>Los ronquidos pueden provocar problemas de salud considerables. Una f\u00e9rula de protrusi\u00f3n (f\u00e9rula para ronquidos) puede ayudar a los pacientes que sufren de problemas de ronquidos a encontrar un sue\u00f1o reparador.<\/p>\n<p>La primera pregunta que surge es por qu\u00e9 roncas. Si la respiraci\u00f3n se detiene, lo que se conoce como apnea del sue\u00f1o, entonces debe consultar a un m\u00e9dico del sue\u00f1o.<\/p>\n<p>Con los ronquidos \u00abnormales\u00bb las v\u00edas respiratorias se estrechan. Esto sucede cuando la lengua y el paladar blando se relajan durante el sue\u00f1o. La inhalaci\u00f3n y la exhalaci\u00f3n causan vibraciones en la vela. Los tejidos blandos de la garganta, ahora en movimiento, causan sonidos de ronquidos. Debido a las noches inquietas, la concentraci\u00f3n a menudo sufre durante el d\u00eda. Adem\u00e1s, los ronquidos constantes suelen provocar problemas en las relaciones.<\/p>\n<p>Una f\u00e9rula para roncar es una f\u00e9rula de pl\u00e1stico que se fabrica en nuestro laboratorio dental. Se adapta individualmente a cada paciente. La f\u00e9rula desplaza la mand\u00edbula inferior y la lengua hacia adelante durante el sue\u00f1o. Esto mantiene la faringe libre y as\u00ed promueve la respiraci\u00f3n normal sin perturbar los ronquidos.<\/p>\n<p>Con una f\u00e9rula para ronquidos, usted y su pareja recuperar\u00e1n m\u00e1s paz nocturna y un sue\u00f1o relajado.<\/p>\n<\/div><\/section><\/p><\/div>\n<\/div><\/div>\n<\/div><div id='after_submenu_2'  class='main_color av_default_container_wrap container_wrap fullsize' style=' '  ><div class='container' ><div class='template-page content  av-content-full alpha units'><div class='post-entry post-entry-type-page post-entry-2337'><div class='entry-content-wrapper clearfix'>\n<div  style='height:20px' class='hr hr-invisible  av-small-hide av-mini-hide  avia-builder-el-17  el_after_av_layout_row  el_before_av_section  avia-builder-el-no-sibling '><span class='hr-inner ' ><span class='hr-inner-style'><\/span><\/span><\/div>\n<\/div><\/div><\/div><!-- close content main div --><\/div><\/div><div id='kontakt'  class='avia-section main_color avia-section-no-padding avia-no-border-styling  avia-full-stretch avia-bg-style-scroll  avia-builder-el-18  el_after_av_hr  avia-builder-el-last   container_wrap fullsize' style='background-repeat: no-repeat; background-image: url(https:\/\/nobledent.de\/wp-content\/uploads\/2020\/02\/nobledent-cta-1-1500x195.jpg);background-attachment: scroll; background-position: top left;  '  data-section-bg-repeat='stretch'><div class='container' ><div class='template-page content  av-content-full alpha units'><div class='post-entry post-entry-type-page post-entry-2337'><div class='entry-content-wrapper clearfix'>\n<div class='flex_column_table av-equal-height-column-flextable -flextable' ><div class=\"flex_column av_two_third  flex_column_table_cell av-equal-height-column av-align-middle av-zero-column-padding first  avia-builder-el-19  el_before_av_one_third  avia-builder-el-first  \" style='border-radius:0px; '><section class=\"av_textblock_section \"  itemscope=\"itemscope\" itemtype=\"https:\/\/schema.org\/CreativeWork\" ><div class='avia_textblock  av_inherit_color '  style='font-size:25px; color:#ffffff; '  itemprop=\"text\" ><p><em>\u00bfTiene preguntas o quiere hacer una cita?<\/em><\/p>\n<\/div><\/section><\/div><div class='av-flex-placeholder'><\/div><div class=\"flex_column av_one_third  flex_column_table_cell av-equal-height-column av-align-middle av-zero-column-padding   avia-builder-el-21  el_after_av_two_third  avia-builder-el-last  \" style='border-radius:0px; '><section class=\"av_textblock_section \"  itemscope=\"itemscope\" itemtype=\"https:\/\/schema.org\/CreativeWork\" ><div class='avia_textblock  av_inherit_color '  style='font-size:40px; color:#ffffff; '  itemprop=\"text\" ><p><em><a href=\"tel:+34871859859\">+34 871 859 859<\/a><br \/>\n<\/em><\/p>\n<\/div><\/section><\/div><\/div><!--close column table wrapper. Autoclose: 1 -->\n\n","protected":false},"excerpt":{"rendered":"","protected":false},"author":4,"featured_media":0,"parent":2332,"menu_order":0,"comment_status":"closed","ping_status":"closed","template":"","meta":{"footnotes":""},"yoast_head":"<!-- This site is optimized with the Yoast SEO plugin v23.0 - https:\/\/yoast.com\/wordpress\/plugins\/seo\/ -->\n<title>Nobledent - Schienentherapie und Zahnarztpraxis auf Mallorca<\/title>\n<meta name=\"description\" content=\"Bereiten Sie dem Z\u00e4hneknirschen ein Ende und lassen Sie sich eine Aufbissschiene anfertigen. Jetzt Beratungstermin vereinbaren.\" \/>\n<meta name=\"robots\" content=\"index, follow, max-snippet:-1, max-image-preview:large, max-video-preview:-1\" \/>\n<link rel=\"canonical\" href=\"https:\/\/nobledent.de\/es\/clinica-dental\/protesis\/terapia-con-ferulas\/\" \/>\n<meta property=\"og:locale\" content=\"es_ES\" \/>\n<meta property=\"og:type\" content=\"article\" \/>\n<meta property=\"og:title\" content=\"Nobledent - Schienentherapie und Zahnarztpraxis auf Mallorca\" \/>\n<meta property=\"og:description\" content=\"Bereiten Sie dem Z\u00e4hneknirschen ein Ende und lassen Sie sich eine Aufbissschiene anfertigen. Jetzt Beratungstermin vereinbaren.\" \/>\n<meta property=\"og:url\" content=\"https:\/\/nobledent.de\/es\/clinica-dental\/protesis\/terapia-con-ferulas\/\" \/>\n<meta property=\"og:site_name\" content=\"nobledent.de\" \/>\n<meta property=\"article:modified_time\" content=\"2020-08-05T06:40:16+00:00\" \/>\n<meta name=\"twitter:card\" content=\"summary_large_image\" \/>\n<meta name=\"twitter:label1\" content=\"Tiempo de lectura\" \/>\n\t<meta name=\"twitter:data1\" content=\"11 minutos\" \/>\n<script type=\"application\/ld+json\" class=\"yoast-schema-graph\">{\"@context\":\"https:\/\/schema.org\",\"@graph\":[{\"@type\":\"WebPage\",\"@id\":\"https:\/\/nobledent.de\/es\/clinica-dental\/protesis\/terapia-con-ferulas\/\",\"url\":\"https:\/\/nobledent.de\/es\/clinica-dental\/protesis\/terapia-con-ferulas\/\",\"name\":\"Nobledent - Schienentherapie und Zahnarztpraxis auf Mallorca\",\"isPartOf\":{\"@id\":\"https:\/\/nobledent.de\/#website\"},\"datePublished\":\"2020-05-12T12:57:56+00:00\",\"dateModified\":\"2020-08-05T06:40:16+00:00\",\"description\":\"Bereiten Sie dem Z\u00e4hneknirschen ein Ende und lassen Sie sich eine Aufbissschiene anfertigen. Jetzt Beratungstermin vereinbaren.\",\"breadcrumb\":{\"@id\":\"https:\/\/nobledent.de\/es\/clinica-dental\/protesis\/terapia-con-ferulas\/#breadcrumb\"},\"inLanguage\":\"es\",\"potentialAction\":[{\"@type\":\"ReadAction\",\"target\":[\"https:\/\/nobledent.de\/es\/clinica-dental\/protesis\/terapia-con-ferulas\/\"]}]},{\"@type\":\"BreadcrumbList\",\"@id\":\"https:\/\/nobledent.de\/es\/clinica-dental\/protesis\/terapia-con-ferulas\/#breadcrumb\",\"itemListElement\":[{\"@type\":\"ListItem\",\"position\":1,\"name\":\"Startseite\",\"item\":\"https:\/\/nobledent.de\/es\/pagina-web\/\"},{\"@type\":\"ListItem\",\"position\":2,\"name\":\"Clinica dental\",\"item\":\"https:\/\/nobledent.de\/es\/clinica-dental\/\"},{\"@type\":\"ListItem\",\"position\":3,\"name\":\"Pr\u00f3tesis\",\"item\":\"https:\/\/nobledent.de\/es\/clinica-dental\/protesis\/\"},{\"@type\":\"ListItem\",\"position\":4,\"name\":\"Terapia con f\u00e9rulas\"}]},{\"@type\":\"WebSite\",\"@id\":\"https:\/\/nobledent.de\/#website\",\"url\":\"https:\/\/nobledent.de\/\",\"name\":\"nobledent.de\",\"description\":\"Just another WordPress site\",\"publisher\":{\"@id\":\"https:\/\/nobledent.de\/#organization\"},\"potentialAction\":[{\"@type\":\"SearchAction\",\"target\":{\"@type\":\"EntryPoint\",\"urlTemplate\":\"https:\/\/nobledent.de\/?s={search_term_string}\"},\"query-input\":\"required name=search_term_string\"}],\"inLanguage\":\"es\"},{\"@type\":\"Organization\",\"@id\":\"https:\/\/nobledent.de\/#organization\",\"name\":\"Nobledent\",\"url\":\"https:\/\/nobledent.de\/\",\"logo\":{\"@type\":\"ImageObject\",\"inLanguage\":\"es\",\"@id\":\"https:\/\/nobledent.de\/#\/schema\/logo\/image\/\",\"url\":\"https:\/\/nobledent.de\/wp-content\/uploads\/2020\/02\/nobledent-logo-schatten.png\",\"contentUrl\":\"https:\/\/nobledent.de\/wp-content\/uploads\/2020\/02\/nobledent-logo-schatten.png\",\"width\":440,\"height\":160,\"caption\":\"Nobledent\"},\"image\":{\"@id\":\"https:\/\/nobledent.de\/#\/schema\/logo\/image\/\"}}]}<\/script>\n<!-- \/ Yoast SEO plugin. -->","yoast_head_json":{"title":"Nobledent - Schienentherapie und Zahnarztpraxis auf Mallorca","description":"Bereiten Sie dem Z\u00e4hneknirschen ein Ende und lassen Sie sich eine Aufbissschiene anfertigen. Jetzt Beratungstermin vereinbaren.","robots":{"index":"index","follow":"follow","max-snippet":"max-snippet:-1","max-image-preview":"max-image-preview:large","max-video-preview":"max-video-preview:-1"},"canonical":"https:\/\/nobledent.de\/es\/clinica-dental\/protesis\/terapia-con-ferulas\/","og_locale":"es_ES","og_type":"article","og_title":"Nobledent - Schienentherapie und Zahnarztpraxis auf Mallorca","og_description":"Bereiten Sie dem Z\u00e4hneknirschen ein Ende und lassen Sie sich eine Aufbissschiene anfertigen. Jetzt Beratungstermin vereinbaren.","og_url":"https:\/\/nobledent.de\/es\/clinica-dental\/protesis\/terapia-con-ferulas\/","og_site_name":"nobledent.de","article_modified_time":"2020-08-05T06:40:16+00:00","twitter_card":"summary_large_image","twitter_misc":{"Tiempo de lectura":"11 minutos"},"schema":{"@context":"https:\/\/schema.org","@graph":[{"@type":"WebPage","@id":"https:\/\/nobledent.de\/es\/clinica-dental\/protesis\/terapia-con-ferulas\/","url":"https:\/\/nobledent.de\/es\/clinica-dental\/protesis\/terapia-con-ferulas\/","name":"Nobledent - Schienentherapie und Zahnarztpraxis auf Mallorca","isPartOf":{"@id":"https:\/\/nobledent.de\/#website"},"datePublished":"2020-05-12T12:57:56+00:00","dateModified":"2020-08-05T06:40:16+00:00","description":"Bereiten Sie dem Z\u00e4hneknirschen ein Ende und lassen Sie sich eine Aufbissschiene anfertigen. Jetzt Beratungstermin vereinbaren.","breadcrumb":{"@id":"https:\/\/nobledent.de\/es\/clinica-dental\/protesis\/terapia-con-ferulas\/#breadcrumb"},"inLanguage":"es","potentialAction":[{"@type":"ReadAction","target":["https:\/\/nobledent.de\/es\/clinica-dental\/protesis\/terapia-con-ferulas\/"]}]},{"@type":"BreadcrumbList","@id":"https:\/\/nobledent.de\/es\/clinica-dental\/protesis\/terapia-con-ferulas\/#breadcrumb","itemListElement":[{"@type":"ListItem","position":1,"name":"Startseite","item":"https:\/\/nobledent.de\/es\/pagina-web\/"},{"@type":"ListItem","position":2,"name":"Clinica dental","item":"https:\/\/nobledent.de\/es\/clinica-dental\/"},{"@type":"ListItem","position":3,"name":"Pr\u00f3tesis","item":"https:\/\/nobledent.de\/es\/clinica-dental\/protesis\/"},{"@type":"ListItem","position":4,"name":"Terapia con f\u00e9rulas"}]},{"@type":"WebSite","@id":"https:\/\/nobledent.de\/#website","url":"https:\/\/nobledent.de\/","name":"nobledent.de","description":"Just another WordPress site","publisher":{"@id":"https:\/\/nobledent.de\/#organization"},"potentialAction":[{"@type":"SearchAction","target":{"@type":"EntryPoint","urlTemplate":"https:\/\/nobledent.de\/?s={search_term_string}"},"query-input":"required name=search_term_string"}],"inLanguage":"es"},{"@type":"Organization","@id":"https:\/\/nobledent.de\/#organization","name":"Nobledent","url":"https:\/\/nobledent.de\/","logo":{"@type":"ImageObject","inLanguage":"es","@id":"https:\/\/nobledent.de\/#\/schema\/logo\/image\/","url":"https:\/\/nobledent.de\/wp-content\/uploads\/2020\/02\/nobledent-logo-schatten.png","contentUrl":"https:\/\/nobledent.de\/wp-content\/uploads\/2020\/02\/nobledent-logo-schatten.png","width":440,"height":160,"caption":"Nobledent"},"image":{"@id":"https:\/\/nobledent.de\/#\/schema\/logo\/image\/"}}]}},"_links":{"self":[{"href":"https:\/\/nobledent.de\/es\/wp-json\/wp\/v2\/pages\/2337"}],"collection":[{"href":"https:\/\/nobledent.de\/es\/wp-json\/wp\/v2\/pages"}],"about":[{"href":"https:\/\/nobledent.de\/es\/wp-json\/wp\/v2\/types\/page"}],"author":[{"embeddable":true,"href":"https:\/\/nobledent.de\/es\/wp-json\/wp\/v2\/users\/4"}],"replies":[{"embeddable":true,"href":"https:\/\/nobledent.de\/es\/wp-json\/wp\/v2\/comments?post=2337"}],"version-history":[{"count":4,"href":"https:\/\/nobledent.de\/es\/wp-json\/wp\/v2\/pages\/2337\/revisions"}],"predecessor-version":[{"id":2752,"href":"https:\/\/nobledent.de\/es\/wp-json\/wp\/v2\/pages\/2337\/revisions\/2752"}],"up":[{"embeddable":true,"href":"https:\/\/nobledent.de\/es\/wp-json\/wp\/v2\/pages\/2332"}],"wp:attachment":[{"href":"https:\/\/nobledent.de\/es\/wp-json\/wp\/v2\/media?parent=2337"}],"curies":[{"name":"wp","href":"https:\/\/api.w.org\/{rel}","templated":true}]}}