{"id":2314,"date":"2020-05-07T17:05:13","date_gmt":"2020-05-07T15:05:13","guid":{"rendered":"https:\/\/nobledent.de.w017da26.kasserver.com\/clinica-dental\/odontologia-estetica\/vollkeramik\/"},"modified":"2021-04-15T16:54:55","modified_gmt":"2021-04-15T14:54:55","slug":"ceramica","status":"publish","type":"page","link":"https:\/\/nobledent.de\/es\/clinica-dental\/odontologia-estetica\/ceramica\/","title":{"rendered":"Cer\u00e1mica"},"content":{"rendered":"<div id='av_section_1'  class='avia-section main_color avia-section-default avia-no-border-styling  avia-full-stretch avia-bg-style-scroll  avia-builder-el-0  el_before_av_submenu  avia-builder-el-first   av-minimum-height av-minimum-height-custom  container_wrap fullsize' style='background-repeat: no-repeat; background-image: url(https:\/\/nobledent.de\/wp-content\/uploads\/2020\/02\/nobledent-stage-demo.jpg);background-attachment: scroll; background-position: center center;  '  data-section-bg-repeat='stretch'><div class='container' style='height:200px'><main  role=\"main\" itemprop=\"mainContentOfPage\"  class='template-page content  av-content-full alpha units'><div class='post-entry post-entry-type-page post-entry-2314'><div class='entry-content-wrapper clearfix'>\n<\/div><\/div><\/main><!-- close content main element --><\/div><\/div><div class='clear'><\/div><div id='sub_menu1'  class='av-submenu-container main_color  avia-builder-el-1  el_after_av_section  el_before_av_submenu  submenu-style-3 av-sticky-submenu  submenu-not-first container_wrap fullsize' style='  z-index:301' ><div class='container av-menu-mobile-disabled '><ul id=\"menu-switch-menu-es\" class=\"av-subnav-menu av-submenu-pos-center\"><li id=\"menu-item-2479\" class=\"menu-item menu-item-type-post_type menu-item-object-page menu-item-top-level menu-item-top-level-1\"><a href=\"https:\/\/nobledent.de\/es\/clinica-dental\/\" itemprop=\"url\"><span class=\"avia-bullet\"><\/span><span class=\"avia-menu-text\">Clinica dental<\/span><span class=\"avia-menu-fx\"><span class=\"avia-arrow-wrap\"><span class=\"avia-arrow\"><\/span><\/span><\/span><\/a><\/li>\n<li id=\"menu-item-2481\" class=\"menu-item menu-item-type-post_type menu-item-object-page menu-item-top-level menu-item-top-level-2\"><a href=\"https:\/\/nobledent.de\/es\/laboratorio-dental\/\" itemprop=\"url\"><span class=\"avia-bullet\"><\/span><span class=\"avia-menu-text\">Laboratorio Dental<\/span><span class=\"avia-menu-fx\"><span class=\"avia-arrow-wrap\"><span class=\"avia-arrow\"><\/span><\/span><\/span><\/a><\/li>\n<li id=\"menu-item-2480\" class=\"menu-item menu-item-type-post_type menu-item-object-page menu-item-top-level menu-item-top-level-3\"><a href=\"https:\/\/nobledent.de\/es\/formacion-adicional\/\" itemprop=\"url\"><span class=\"avia-bullet\"><\/span><span class=\"avia-menu-text\">Formaci\u00f3n adicional<\/span><span class=\"avia-menu-fx\"><span class=\"avia-arrow-wrap\"><span class=\"avia-arrow\"><\/span><\/span><\/span><\/a><\/li>\n<\/ul><\/div><\/div><div class='sticky_placeholder'><\/div>\n<div class='clear'><\/div><div id='sub_menu2'  class='av-submenu-container main_color  avia-builder-el-2  el_after_av_submenu  el_before_av_hr  submenu_zahnarztpraxis av-sticky-submenu  submenu-not-first container_wrap fullsize' style='  z-index:302' ><div class='container av-menu-mobile-disabled '><ul id=\"menu-switch-menu-clinica-dental\" class=\"av-subnav-menu av-submenu-pos-left\"><li id=\"menu-item-2484\" class=\"menu-item menu-item-type-post_type menu-item-object-page menu-item-top-level menu-item-top-level-1\"><a href=\"https:\/\/nobledent.de\/es\/clinica-dental\/nuestros-horarios\/\" itemprop=\"url\"><span class=\"avia-bullet\"><\/span><span class=\"avia-menu-text\">Nuestros horarios<\/span><span class=\"avia-menu-fx\"><span class=\"avia-arrow-wrap\"><span class=\"avia-arrow\"><\/span><\/span><\/span><\/a><\/li>\n<li id=\"menu-item-2483\" class=\"menu-item menu-item-type-post_type menu-item-object-page menu-item-top-level menu-item-top-level-2\"><a href=\"https:\/\/nobledent.de\/es\/clinica-dental\/nuestro-equipo\/\" itemprop=\"url\"><span class=\"avia-bullet\"><\/span><span class=\"avia-menu-text\">Nuestro equipo<\/span><span class=\"avia-menu-fx\"><span class=\"avia-arrow-wrap\"><span class=\"avia-arrow\"><\/span><\/span><\/span><\/a><\/li>\n<li id=\"menu-item-2485\" class=\"menu-item menu-item-type-post_type menu-item-object-page menu-item-has-children menu-item-top-level menu-item-top-level-3\"><a href=\"https:\/\/nobledent.de\/es\/clinica-dental\/odontologia-estetica\/\" itemprop=\"url\"><span class=\"avia-bullet\"><\/span><span class=\"avia-menu-text\">Odontolog\u00eda est\u00e9tica<\/span><span class=\"avia-menu-fx\"><span class=\"avia-arrow-wrap\"><span class=\"avia-arrow\"><\/span><\/span><\/span><\/a>\n\n\n<ul class=\"sub-menu\">\n\t<li id=\"menu-item-3104\" class=\"menu-item menu-item-type-post_type menu-item-object-page\"><a href=\"https:\/\/nobledent.de\/es\/clinica-dental\/odontologia-estetica\/\" itemprop=\"url\"><span class=\"avia-bullet\"><\/span><span class=\"avia-menu-text\">Odontolog\u00eda est\u00e9tica<\/span><\/a><\/li>\n\t<li id=\"menu-item-2489\" class=\"menu-item menu-item-type-post_type menu-item-object-page\"><a href=\"https:\/\/nobledent.de\/es\/clinica-dental\/odontologia-estetica\/digital-smile-design\/\" itemprop=\"url\"><span class=\"avia-bullet\"><\/span><span class=\"avia-menu-text\">Digital Smile Design<\/span><\/a><\/li>\n\t<li id=\"menu-item-2487\" class=\"menu-item menu-item-type-post_type menu-item-object-page\"><a href=\"https:\/\/nobledent.de\/es\/clinica-dental\/odontologia-estetica\/carillas\/\" itemprop=\"url\"><span class=\"avia-bullet\"><\/span><span class=\"avia-menu-text\">Carillas<\/span><\/a><\/li>\n\t<li id=\"menu-item-2488\" class=\"menu-item menu-item-type-post_type menu-item-object-page\"><a href=\"https:\/\/nobledent.de\/es\/clinica-dental\/odontologia-estetica\/ceramica\/\" itemprop=\"url\"><span class=\"avia-bullet\"><\/span><span class=\"avia-menu-text\">Cer\u00e1mica<\/span><\/a><\/li>\n\t<li id=\"menu-item-2486\" class=\"menu-item menu-item-type-post_type menu-item-object-page\"><a href=\"https:\/\/nobledent.de\/es\/clinica-dental\/odontologia-estetica\/blanqueo-y-limpieza-dental-profesional\/\" itemprop=\"url\"><span class=\"avia-bullet\"><\/span><span class=\"avia-menu-text\">Blanqueo y limpieza dental profesional<\/span><\/a><\/li>\n<\/ul>\n<\/li>\n<li id=\"menu-item-2482\" class=\"menu-item menu-item-type-post_type menu-item-object-page menu-item-top-level menu-item-top-level-4\"><a href=\"https:\/\/nobledent.de\/es\/clinica-dental\/implantologia\/\" itemprop=\"url\"><span class=\"avia-bullet\"><\/span><span class=\"avia-menu-text\">Implantolog\u00eda<\/span><span class=\"avia-menu-fx\"><span class=\"avia-arrow-wrap\"><span class=\"avia-arrow\"><\/span><\/span><\/span><\/a><\/li>\n<li id=\"menu-item-2490\" class=\"menu-item menu-item-type-post_type menu-item-object-page menu-item-has-children menu-item-top-level menu-item-top-level-5\"><a href=\"https:\/\/nobledent.de\/es\/clinica-dental\/protesis\/\" itemprop=\"url\"><span class=\"avia-bullet\"><\/span><span class=\"avia-menu-text\">Pr\u00f3tesis<\/span><span class=\"avia-menu-fx\"><span class=\"avia-arrow-wrap\"><span class=\"avia-arrow\"><\/span><\/span><\/span><\/a>\n\n\n<ul class=\"sub-menu\">\n\t<li id=\"menu-item-3105\" class=\"menu-item menu-item-type-post_type menu-item-object-page\"><a href=\"https:\/\/nobledent.de\/es\/clinica-dental\/protesis\/\" itemprop=\"url\"><span class=\"avia-bullet\"><\/span><span class=\"avia-menu-text\">Pr\u00f3tesis<\/span><\/a><\/li>\n\t<li id=\"menu-item-2492\" class=\"menu-item menu-item-type-post_type menu-item-object-page\"><a href=\"https:\/\/nobledent.de\/es\/clinica-dental\/protesis\/terapia-con-ferulas\/\" itemprop=\"url\"><span class=\"avia-bullet\"><\/span><span class=\"avia-menu-text\">Terapia con f\u00e9rulas<\/span><\/a><\/li>\n<\/ul>\n<\/li>\n<li id=\"menu-item-2491\" class=\"menu-item menu-item-type-post_type menu-item-object-page menu-item-top-level menu-item-top-level-6\"><a href=\"https:\/\/nobledent.de\/es\/contacto\/\" itemprop=\"url\"><span class=\"avia-bullet\"><\/span><span class=\"avia-menu-text\">Contacto<\/span><span class=\"avia-menu-fx\"><span class=\"avia-arrow-wrap\"><span class=\"avia-arrow\"><\/span><\/span><\/span><\/a><\/li>\n<\/ul><\/div><\/div><div class='sticky_placeholder'><\/div><div id='after_submenu'  class='main_color av_default_container_wrap container_wrap fullsize' style=' '  ><div class='container' ><div class='template-page content  av-content-full alpha units'><div class='post-entry post-entry-type-page post-entry-2314'><div class='entry-content-wrapper clearfix'>\n<div  style='height:20px' class='hr hr-invisible  av-small-hide av-mini-hide  avia-builder-el-3  el_after_av_submenu  el_before_av_layout_row  avia-builder-el-no-sibling '><span class='hr-inner ' ><span class='hr-inner-style'><\/span><\/span><\/div>\n<\/div><\/div><\/div><!-- close content main div --><\/div><\/div><div id='av-layout-grid-1'  class='av-layout-grid-container entry-content-wrapper main_color av-flex-cells     avia-builder-el-4  el_after_av_hr  el_before_av_hr  submenu-not-first container_wrap fullsize' style=' '  >\n<div class=\"flex_cell no_margin av_one_half  avia-builder-el-5  el_before_av_cell_one_half  avia-builder-el-first   \"  style='vertical-align:top; padding:50px; ' ><div class='flex_cell_inner' ><div class=\"flex_column av_one_full  flex_column_div av-zero-column-padding first  avia-builder-el-6  avia-builder-el-no-sibling  \" style='border-radius:0px; '><p><div  style='padding-bottom:10px; ' class='av-special-heading av-special-heading-h1  blockquote modern-quote  avia-builder-el-7  el_before_av_textblock  avia-builder-el-first  av-thin-font '><h1 class='av-special-heading-tag '  itemprop=\"headline\"  ><strong>Est\u00e9tica de primera clase y excelente compatibilidad<\/strong><\/h1><div class='special-heading-border'><div class='special-heading-inner-border' ><\/div><\/div><\/div><br \/>\n<section class=\"av_textblock_section \"  itemscope=\"itemscope\" itemtype=\"https:\/\/schema.org\/CreativeWork\" ><div class='avia_textblock  '   itemprop=\"text\" ><p>Las demandas sobre los dientes naturales o la dentadura son altas. El material m\u00e1s duro del cuerpo humano es la sustancia dental m\u00e1s dura por una buena raz\u00f3n. Adem\u00e1s del alto estr\u00e9s mec\u00e1nico causado por la masticaci\u00f3n, tambi\u00e9n deben soportar las bacterias presentes en la cavidad oral. Por lo tanto, se imponen las mismas exigencias a los materiales utilizados que a los dientes sanos, ya que est\u00e1n destinados a restaurar la funci\u00f3n y la est\u00e9tica de los dientes perdidos o gravemente da\u00f1ados.<\/p>\n<p>Dado que las dentaduras postizas normalmente permanecen en el cuerpo durante muchos a\u00f1os o incluso toda la vida, el cuerpo est\u00e1 en contacto directo con el tejido humano. Por lo tanto, es sumamente importante utilizar materiales de alta calidad que sean bien tolerados por el paciente. Por lo general, se entiende que las pr\u00f3tesis dentales biocompatibles son materiales biocompatibles que son compatibles con el cuerpo y se utilizan en las pr\u00f3tesis dentales. Las dentaduras org\u00e1nicas siempre est\u00e1n libres de metal. Estos incluyen cer\u00e1mica completa, di\u00f3xido de zirconio y compuestos.\u00a0 Las dentaduras postizas de metal o de aleaciones de metal como la amalgama, el oro o el titanio pueden causar reacciones al\u00e9rgicas o t\u00f3xicas en las enc\u00edas o el periostio, porque las sustancias nocivas del material utilizado pueden entrar en el torrente sangu\u00edneo. Las incompatibilidades y las alergias se conocen desde hace muchos a\u00f1os con la amalgama que contiene mercurio.<\/p>\n<\/div><\/section><\/p><\/div>\n<\/div><\/div><div class=\"flex_cell no_margin av_one_half  avia-builder-el-9  el_after_av_cell_one_half  avia-builder-el-last   avia-full-stretch \"  style='background:url(https:\/\/nobledent.de\/wp-content\/uploads\/2021\/04\/Nobledent_Implantat1-1030x687.png) center center no-repeat scroll; vertical-align:middle; padding:30px; ' ><div class='flex_cell_inner' ><\/div><\/div><\/div><div id='after_submenu_1'  class='main_color av_default_container_wrap container_wrap fullsize' style=' '  ><div class='container' ><div class='template-page content  av-content-full alpha units'><div class='post-entry post-entry-type-page post-entry-2314'><div class='entry-content-wrapper clearfix'><div  style='height:20px' class='hr hr-invisible  av-small-hide av-mini-hide  avia-builder-el-10  el_after_av_layout_row  el_before_av_layout_row  avia-builder-el-no-sibling '><span class='hr-inner ' ><span class='hr-inner-style'><\/span><\/span><\/div><\/p>\n<\/div><\/div><\/div><!-- close content main div --><\/div><\/div><div id='av-layout-grid-2'  class='av-layout-grid-container entry-content-wrapper main_color av-flex-cells     avia-builder-el-11  el_after_av_hr  el_before_av_hr  submenu-not-first container_wrap fullsize' style=' '  >\n<div class=\"flex_cell no_margin av_one_half  avia-builder-el-12  el_before_av_cell_one_half  avia-builder-el-first   avia-full-stretch \"  style='background:url(https:\/\/nobledent.de\/wp-content\/uploads\/2020\/05\/Nobledent_Feste-Z\u00e4hne-1030x687.jpg) center center no-repeat scroll; vertical-align:top; padding:30px; ' ><div class='flex_cell_inner' ><\/div><\/div><div class=\"flex_cell no_margin av_one_half  avia-builder-el-13  el_after_av_cell_one_half  avia-builder-el-last   \"  style='vertical-align:middle; padding:50px; ' ><div class='flex_cell_inner' ><div class=\"flex_column av_one_full  flex_column_div av-zero-column-padding first  avia-builder-el-14  avia-builder-el-no-sibling  \" style='border-radius:0px; '><section class=\"av_textblock_section \"  itemscope=\"itemscope\" itemtype=\"https:\/\/schema.org\/CreativeWork\" ><div class='avia_textblock  '   itemprop=\"text\" ><p>Las dentaduras hechas de cer\u00e1mica completa, di\u00f3xido de zirconio o materiales biocompatibles similares tienen excelentes propiedades f\u00edsicas. La larga durabilidad y la excelente estabilidad son sus caracter\u00edsticas distintivas. Por lo tanto, son muy adecuados para coronas, puentes, incrustaciones, carillas e implantes dentales, y por lo tanto tambi\u00e9n para pr\u00f3tesis de implantes. Esto significa que las dentaduras org\u00e1nicas pueden ser fijadas a los implantes anclados en la mand\u00edbula.<\/p>\n<p>Los materiales biocompatibles tienen un aspecto muy natural y no se pueden distinguir de los dientes reales. El color del diente puede ser adaptado individualmente a los dientes vecinos. Las capas de cer\u00e1mica son transl\u00facidas, es decir, la luz brilla parcialmente. Esto mejora la apariencia natural y satisface incluso a los pacientes con las m\u00e1s altas exigencias est\u00e9ticas.<\/p>\n<p>La bio-est\u00e9tica se produce individualmente en nuestro laboratorio maestro &#8211; y gracias a la digitalizaci\u00f3n en la odontolog\u00eda moderna &#8211; con la m\u00e1s alta precisi\u00f3n en los procesos de fresado soportados por CAD\/CAM y encajan exactamente. Las cer\u00e1micas utilizadas son impresionantes por su brillo, que no es en absoluto inferior al de los dientes naturales y, por lo tanto, se adapta a los dientes reales de forma casi \u00abinvisible\u00bb.<\/p>\n<p>Perm\u00edtanos aconsejarle en nuestra pr\u00e1ctica dental sobre qu\u00e9 material ofrece la mejor biocompatibilidad y los mejores beneficios en su caso y as\u00ed asegurar una sonrisa radiante &#8211; para toda la vida.<\/p>\n<\/div><\/section><\/div>\n<\/div><\/div>\n<\/div><div id='after_submenu_2'  class='main_color av_default_container_wrap container_wrap fullsize' style=' '  ><div class='container' ><div class='template-page content  av-content-full alpha units'><div class='post-entry post-entry-type-page post-entry-2314'><div class='entry-content-wrapper clearfix'>\n<div  style='height:20px' class='hr hr-invisible  av-small-hide av-mini-hide  avia-builder-el-16  el_after_av_layout_row  el_before_av_section  avia-builder-el-no-sibling '><span class='hr-inner ' ><span class='hr-inner-style'><\/span><\/span><\/div>\n<\/div><\/div><\/div><!-- close content main div --><\/div><\/div><div id='kontakt'  class='avia-section main_color avia-section-no-padding avia-no-border-styling  avia-full-stretch avia-bg-style-scroll  avia-builder-el-17  el_after_av_hr  avia-builder-el-last   container_wrap fullsize' style='background-repeat: no-repeat; background-image: url(https:\/\/nobledent.de\/wp-content\/uploads\/2020\/02\/nobledent-cta-1-1500x195.jpg);background-attachment: scroll; background-position: top left;  '  data-section-bg-repeat='stretch'><div class='container' ><div class='template-page content  av-content-full alpha units'><div class='post-entry post-entry-type-page post-entry-2314'><div class='entry-content-wrapper clearfix'>\n<div class='flex_column_table av-equal-height-column-flextable -flextable' ><div class=\"flex_column av_two_third  flex_column_table_cell av-equal-height-column av-align-middle av-zero-column-padding first  avia-builder-el-18  el_before_av_one_third  avia-builder-el-first  \" style='border-radius:0px; '><section class=\"av_textblock_section \"  itemscope=\"itemscope\" itemtype=\"https:\/\/schema.org\/CreativeWork\" ><div class='avia_textblock  av_inherit_color '  style='font-size:25px; color:#ffffff; '  itemprop=\"text\" ><p><em>\u00bfTiene preguntas o quiere hacer una cita?<\/em><\/p>\n<\/div><\/section><\/div><div class='av-flex-placeholder'><\/div><div class=\"flex_column av_one_third  flex_column_table_cell av-equal-height-column av-align-middle av-zero-column-padding   avia-builder-el-20  el_after_av_two_third  avia-builder-el-last  \" style='border-radius:0px; '><section class=\"av_textblock_section \"  itemscope=\"itemscope\" itemtype=\"https:\/\/schema.org\/CreativeWork\" ><div class='avia_textblock  av_inherit_color '  style='font-size:40px; color:#ffffff; '  itemprop=\"text\" ><p><em><a href=\"tel:+34871859859\">+34 871 859 859<\/a><br \/>\n<\/em><\/p>\n<\/div><\/section><\/div><\/div><!--close column table wrapper. Autoclose: 1 -->\n\n","protected":false},"excerpt":{"rendered":"","protected":false},"author":4,"featured_media":0,"parent":2292,"menu_order":0,"comment_status":"closed","ping_status":"closed","template":"","meta":{"footnotes":""},"yoast_head":"<!-- This site is optimized with the Yoast SEO plugin v23.0 - https:\/\/yoast.com\/wordpress\/plugins\/seo\/ -->\n<title>Nobledent - Zahnersatz und Implantate - Zahnarztpraxis auf Mallorca<\/title>\n<meta name=\"description\" content=\"Wir bieten Ihnn Zahnersatz und Implantate mit h\u00f6chster Qualit\u00e4t - Ihre Zahnarztpraxis auf Mallorca.\" \/>\n<meta name=\"robots\" content=\"index, follow, max-snippet:-1, max-image-preview:large, max-video-preview:-1\" \/>\n<link rel=\"canonical\" href=\"https:\/\/nobledent.de\/es\/clinica-dental\/odontologia-estetica\/ceramica\/\" \/>\n<meta property=\"og:locale\" content=\"es_ES\" \/>\n<meta property=\"og:type\" content=\"article\" \/>\n<meta property=\"og:title\" content=\"Nobledent - Zahnersatz und Implantate - Zahnarztpraxis auf Mallorca\" \/>\n<meta property=\"og:description\" content=\"Wir bieten Ihnn Zahnersatz und Implantate mit h\u00f6chster Qualit\u00e4t - Ihre Zahnarztpraxis auf Mallorca.\" \/>\n<meta property=\"og:url\" content=\"https:\/\/nobledent.de\/es\/clinica-dental\/odontologia-estetica\/ceramica\/\" \/>\n<meta property=\"og:site_name\" content=\"nobledent.de\" \/>\n<meta property=\"article:modified_time\" content=\"2021-04-15T14:54:55+00:00\" \/>\n<meta name=\"twitter:card\" content=\"summary_large_image\" \/>\n<meta name=\"twitter:label1\" content=\"Tiempo de lectura\" \/>\n\t<meta name=\"twitter:data1\" content=\"11 minutos\" \/>\n<script type=\"application\/ld+json\" class=\"yoast-schema-graph\">{\"@context\":\"https:\/\/schema.org\",\"@graph\":[{\"@type\":\"WebPage\",\"@id\":\"https:\/\/nobledent.de\/es\/clinica-dental\/odontologia-estetica\/ceramica\/\",\"url\":\"https:\/\/nobledent.de\/es\/clinica-dental\/odontologia-estetica\/ceramica\/\",\"name\":\"Nobledent - Zahnersatz und Implantate - Zahnarztpraxis auf Mallorca\",\"isPartOf\":{\"@id\":\"https:\/\/nobledent.de\/#website\"},\"datePublished\":\"2020-05-07T15:05:13+00:00\",\"dateModified\":\"2021-04-15T14:54:55+00:00\",\"description\":\"Wir bieten Ihnn Zahnersatz und Implantate mit h\u00f6chster Qualit\u00e4t - Ihre Zahnarztpraxis auf Mallorca.\",\"breadcrumb\":{\"@id\":\"https:\/\/nobledent.de\/es\/clinica-dental\/odontologia-estetica\/ceramica\/#breadcrumb\"},\"inLanguage\":\"es\",\"potentialAction\":[{\"@type\":\"ReadAction\",\"target\":[\"https:\/\/nobledent.de\/es\/clinica-dental\/odontologia-estetica\/ceramica\/\"]}]},{\"@type\":\"BreadcrumbList\",\"@id\":\"https:\/\/nobledent.de\/es\/clinica-dental\/odontologia-estetica\/ceramica\/#breadcrumb\",\"itemListElement\":[{\"@type\":\"ListItem\",\"position\":1,\"name\":\"Startseite\",\"item\":\"https:\/\/nobledent.de\/es\/pagina-web\/\"},{\"@type\":\"ListItem\",\"position\":2,\"name\":\"Clinica dental\",\"item\":\"https:\/\/nobledent.de\/es\/clinica-dental\/\"},{\"@type\":\"ListItem\",\"position\":3,\"name\":\"Odontolog\u00eda est\u00e9tica\",\"item\":\"https:\/\/nobledent.de\/es\/clinica-dental\/odontologia-estetica\/\"},{\"@type\":\"ListItem\",\"position\":4,\"name\":\"Cer\u00e1mica\"}]},{\"@type\":\"WebSite\",\"@id\":\"https:\/\/nobledent.de\/#website\",\"url\":\"https:\/\/nobledent.de\/\",\"name\":\"nobledent.de\",\"description\":\"Just another WordPress site\",\"publisher\":{\"@id\":\"https:\/\/nobledent.de\/#organization\"},\"potentialAction\":[{\"@type\":\"SearchAction\",\"target\":{\"@type\":\"EntryPoint\",\"urlTemplate\":\"https:\/\/nobledent.de\/?s={search_term_string}\"},\"query-input\":\"required name=search_term_string\"}],\"inLanguage\":\"es\"},{\"@type\":\"Organization\",\"@id\":\"https:\/\/nobledent.de\/#organization\",\"name\":\"Nobledent\",\"url\":\"https:\/\/nobledent.de\/\",\"logo\":{\"@type\":\"ImageObject\",\"inLanguage\":\"es\",\"@id\":\"https:\/\/nobledent.de\/#\/schema\/logo\/image\/\",\"url\":\"https:\/\/nobledent.de\/wp-content\/uploads\/2020\/02\/nobledent-logo-schatten.png\",\"contentUrl\":\"https:\/\/nobledent.de\/wp-content\/uploads\/2020\/02\/nobledent-logo-schatten.png\",\"width\":440,\"height\":160,\"caption\":\"Nobledent\"},\"image\":{\"@id\":\"https:\/\/nobledent.de\/#\/schema\/logo\/image\/\"}}]}<\/script>\n<!-- \/ Yoast SEO plugin. -->","yoast_head_json":{"title":"Nobledent - Zahnersatz und Implantate - Zahnarztpraxis auf Mallorca","description":"Wir bieten Ihnn Zahnersatz und Implantate mit h\u00f6chster Qualit\u00e4t - Ihre Zahnarztpraxis auf Mallorca.","robots":{"index":"index","follow":"follow","max-snippet":"max-snippet:-1","max-image-preview":"max-image-preview:large","max-video-preview":"max-video-preview:-1"},"canonical":"https:\/\/nobledent.de\/es\/clinica-dental\/odontologia-estetica\/ceramica\/","og_locale":"es_ES","og_type":"article","og_title":"Nobledent - Zahnersatz und Implantate - Zahnarztpraxis auf Mallorca","og_description":"Wir bieten Ihnn Zahnersatz und Implantate mit h\u00f6chster Qualit\u00e4t - Ihre Zahnarztpraxis auf Mallorca.","og_url":"https:\/\/nobledent.de\/es\/clinica-dental\/odontologia-estetica\/ceramica\/","og_site_name":"nobledent.de","article_modified_time":"2021-04-15T14:54:55+00:00","twitter_card":"summary_large_image","twitter_misc":{"Tiempo de lectura":"11 minutos"},"schema":{"@context":"https:\/\/schema.org","@graph":[{"@type":"WebPage","@id":"https:\/\/nobledent.de\/es\/clinica-dental\/odontologia-estetica\/ceramica\/","url":"https:\/\/nobledent.de\/es\/clinica-dental\/odontologia-estetica\/ceramica\/","name":"Nobledent - Zahnersatz und Implantate - Zahnarztpraxis auf Mallorca","isPartOf":{"@id":"https:\/\/nobledent.de\/#website"},"datePublished":"2020-05-07T15:05:13+00:00","dateModified":"2021-04-15T14:54:55+00:00","description":"Wir bieten Ihnn Zahnersatz und Implantate mit h\u00f6chster Qualit\u00e4t - Ihre Zahnarztpraxis auf Mallorca.","breadcrumb":{"@id":"https:\/\/nobledent.de\/es\/clinica-dental\/odontologia-estetica\/ceramica\/#breadcrumb"},"inLanguage":"es","potentialAction":[{"@type":"ReadAction","target":["https:\/\/nobledent.de\/es\/clinica-dental\/odontologia-estetica\/ceramica\/"]}]},{"@type":"BreadcrumbList","@id":"https:\/\/nobledent.de\/es\/clinica-dental\/odontologia-estetica\/ceramica\/#breadcrumb","itemListElement":[{"@type":"ListItem","position":1,"name":"Startseite","item":"https:\/\/nobledent.de\/es\/pagina-web\/"},{"@type":"ListItem","position":2,"name":"Clinica dental","item":"https:\/\/nobledent.de\/es\/clinica-dental\/"},{"@type":"ListItem","position":3,"name":"Odontolog\u00eda est\u00e9tica","item":"https:\/\/nobledent.de\/es\/clinica-dental\/odontologia-estetica\/"},{"@type":"ListItem","position":4,"name":"Cer\u00e1mica"}]},{"@type":"WebSite","@id":"https:\/\/nobledent.de\/#website","url":"https:\/\/nobledent.de\/","name":"nobledent.de","description":"Just another WordPress site","publisher":{"@id":"https:\/\/nobledent.de\/#organization"},"potentialAction":[{"@type":"SearchAction","target":{"@type":"EntryPoint","urlTemplate":"https:\/\/nobledent.de\/?s={search_term_string}"},"query-input":"required name=search_term_string"}],"inLanguage":"es"},{"@type":"Organization","@id":"https:\/\/nobledent.de\/#organization","name":"Nobledent","url":"https:\/\/nobledent.de\/","logo":{"@type":"ImageObject","inLanguage":"es","@id":"https:\/\/nobledent.de\/#\/schema\/logo\/image\/","url":"https:\/\/nobledent.de\/wp-content\/uploads\/2020\/02\/nobledent-logo-schatten.png","contentUrl":"https:\/\/nobledent.de\/wp-content\/uploads\/2020\/02\/nobledent-logo-schatten.png","width":440,"height":160,"caption":"Nobledent"},"image":{"@id":"https:\/\/nobledent.de\/#\/schema\/logo\/image\/"}}]}},"_links":{"self":[{"href":"https:\/\/nobledent.de\/es\/wp-json\/wp\/v2\/pages\/2314"}],"collection":[{"href":"https:\/\/nobledent.de\/es\/wp-json\/wp\/v2\/pages"}],"about":[{"href":"https:\/\/nobledent.de\/es\/wp-json\/wp\/v2\/types\/page"}],"author":[{"embeddable":true,"href":"https:\/\/nobledent.de\/es\/wp-json\/wp\/v2\/users\/4"}],"replies":[{"embeddable":true,"href":"https:\/\/nobledent.de\/es\/wp-json\/wp\/v2\/comments?post=2314"}],"version-history":[{"count":6,"href":"https:\/\/nobledent.de\/es\/wp-json\/wp\/v2\/pages\/2314\/revisions"}],"predecessor-version":[{"id":3247,"href":"https:\/\/nobledent.de\/es\/wp-json\/wp\/v2\/pages\/2314\/revisions\/3247"}],"up":[{"embeddable":true,"href":"https:\/\/nobledent.de\/es\/wp-json\/wp\/v2\/pages\/2292"}],"wp:attachment":[{"href":"https:\/\/nobledent.de\/es\/wp-json\/wp\/v2\/media?parent=2314"}],"curies":[{"name":"wp","href":"https:\/\/api.w.org\/{rel}","templated":true}]}}