{"id":2265,"date":"2020-04-23T16:44:37","date_gmt":"2020-04-23T14:44:37","guid":{"rendered":"https:\/\/nobledent.de.w017da26.kasserver.com\/laboratorio-dental\/zahnarzt-information\/"},"modified":"2020-08-05T08:43:33","modified_gmt":"2020-08-05T06:43:33","slug":"para-los-dentistas","status":"publish","type":"page","link":"https:\/\/nobledent.de\/es\/laboratorio-dental\/para-los-dentistas\/","title":{"rendered":"para los dentistas"},"content":{"rendered":"<div id='av_section_1'  class='avia-section main_color avia-section-default avia-no-border-styling  avia-full-stretch avia-bg-style-scroll  avia-builder-el-0  el_before_av_submenu  avia-builder-el-first   av-minimum-height av-minimum-height-custom  container_wrap fullsize' style='background-repeat: no-repeat; background-image: url(https:\/\/nobledent.de\/wp-content\/uploads\/2020\/04\/Nobledent_Farbauswahl_Zahnfarbe-1-1030x688.jpg);background-attachment: scroll; background-position: center center;  '  data-section-bg-repeat='stretch'><div class='container' style='height:200px'><main  role=\"main\" itemprop=\"mainContentOfPage\"  class='template-page content  av-content-full alpha units'><div class='post-entry post-entry-type-page post-entry-2265'><div class='entry-content-wrapper clearfix'>\n<\/div><\/div><\/main><!-- close content main element --><\/div><\/div><div class='clear'><\/div><div id='sub_menu1'  class='av-submenu-container main_color  avia-builder-el-1  el_after_av_section  el_before_av_submenu  submenu-style-3 av-sticky-submenu  submenu-not-first container_wrap fullsize' style='  z-index:301' ><div class='container av-menu-mobile-disabled '><ul id=\"menu-switch-menu-es\" class=\"av-subnav-menu av-submenu-pos-center\"><li id=\"menu-item-2479\" class=\"menu-item menu-item-type-post_type menu-item-object-page menu-item-top-level menu-item-top-level-1\"><a href=\"https:\/\/nobledent.de\/es\/clinica-dental\/\" itemprop=\"url\"><span class=\"avia-bullet\"><\/span><span class=\"avia-menu-text\">Clinica dental<\/span><span class=\"avia-menu-fx\"><span class=\"avia-arrow-wrap\"><span class=\"avia-arrow\"><\/span><\/span><\/span><\/a><\/li>\n<li id=\"menu-item-2481\" class=\"menu-item menu-item-type-post_type menu-item-object-page menu-item-top-level menu-item-top-level-2\"><a href=\"https:\/\/nobledent.de\/es\/laboratorio-dental\/\" itemprop=\"url\"><span class=\"avia-bullet\"><\/span><span class=\"avia-menu-text\">Laboratorio Dental<\/span><span class=\"avia-menu-fx\"><span class=\"avia-arrow-wrap\"><span class=\"avia-arrow\"><\/span><\/span><\/span><\/a><\/li>\n<li id=\"menu-item-2480\" class=\"menu-item menu-item-type-post_type menu-item-object-page menu-item-top-level menu-item-top-level-3\"><a href=\"https:\/\/nobledent.de\/es\/formacion-adicional\/\" itemprop=\"url\"><span class=\"avia-bullet\"><\/span><span class=\"avia-menu-text\">Formaci\u00f3n adicional<\/span><span class=\"avia-menu-fx\"><span class=\"avia-arrow-wrap\"><span class=\"avia-arrow\"><\/span><\/span><\/span><\/a><\/li>\n<\/ul><\/div><\/div><div class='sticky_placeholder'><\/div>\n<div class='clear'><\/div><div id='sub_menu2'  class='av-submenu-container main_color  avia-builder-el-2  el_after_av_submenu  el_before_av_hr  submenu_dental av-sticky-submenu  submenu-not-first container_wrap fullsize' style='  z-index:302' ><div class='container av-menu-mobile-disabled '><ul id=\"menu-laboratorio-dental\" class=\"av-subnav-menu av-submenu-pos-left\"><li id=\"menu-item-2493\" class=\"menu-item menu-item-type-post_type menu-item-object-page menu-item-top-level menu-item-top-level-1\"><a href=\"https:\/\/nobledent.de\/es\/laboratorio-dental\/bienvenido-al-laboratorio-dental\/\" itemprop=\"url\"><span class=\"avia-bullet\"><\/span><span class=\"avia-menu-text\">Bienvenido al laboratorio dental<\/span><span class=\"avia-menu-fx\"><span class=\"avia-arrow-wrap\"><span class=\"avia-arrow\"><\/span><\/span><\/span><\/a><\/li>\n<li id=\"menu-item-2495\" class=\"menu-item menu-item-type-post_type menu-item-object-page menu-item-top-level menu-item-top-level-2\"><a href=\"https:\/\/nobledent.de\/es\/laboratorio-dental\/kai-adamowsky\/\" itemprop=\"url\"><span class=\"avia-bullet\"><\/span><span class=\"avia-menu-text\">Kai Adamowsky \u2013 Maestro t\u00e9cnico dental<\/span><span class=\"avia-menu-fx\"><span class=\"avia-arrow-wrap\"><span class=\"avia-arrow\"><\/span><\/span><\/span><\/a><\/li>\n<li id=\"menu-item-2496\" class=\"menu-item menu-item-type-post_type menu-item-object-page menu-item-top-level menu-item-top-level-3\"><a href=\"https:\/\/nobledent.de\/es\/laboratorio-dental\/nuestros-trabajos\/\" itemprop=\"url\"><span class=\"avia-bullet\"><\/span><span class=\"avia-menu-text\">Nuestros trabajos<\/span><span class=\"avia-menu-fx\"><span class=\"avia-arrow-wrap\"><span class=\"avia-arrow\"><\/span><\/span><\/span><\/a><\/li>\n<li id=\"menu-item-2498\" class=\"menu-item menu-item-type-post_type menu-item-object-page menu-item-top-level menu-item-top-level-4\"><a href=\"https:\/\/nobledent.de\/es\/laboratorio-dental\/para-nuestros-pacientes\/\" itemprop=\"url\"><span class=\"avia-bullet\"><\/span><span class=\"avia-menu-text\">para nuestros pacientes<\/span><span class=\"avia-menu-fx\"><span class=\"avia-arrow-wrap\"><span class=\"avia-arrow\"><\/span><\/span><\/span><\/a><\/li>\n<li id=\"menu-item-2497\" class=\"menu-item menu-item-type-post_type menu-item-object-page menu-item-top-level menu-item-top-level-5\"><a href=\"https:\/\/nobledent.de\/es\/laboratorio-dental\/para-los-dentistas\/\" itemprop=\"url\"><span class=\"avia-bullet\"><\/span><span class=\"avia-menu-text\">para los dentistas<\/span><span class=\"avia-menu-fx\"><span class=\"avia-arrow-wrap\"><span class=\"avia-arrow\"><\/span><\/span><\/span><\/a><\/li>\n<li id=\"menu-item-2494\" class=\"menu-item menu-item-type-post_type menu-item-object-page menu-item-top-level menu-item-top-level-6\"><a href=\"https:\/\/nobledent.de\/es\/laboratorio-dental\/guia-de-implantaciones\/\" itemprop=\"url\"><span class=\"avia-bullet\"><\/span><span class=\"avia-menu-text\">Gu\u00eda de Implantaciones<\/span><span class=\"avia-menu-fx\"><span class=\"avia-arrow-wrap\"><span class=\"avia-arrow\"><\/span><\/span><\/span><\/a><\/li>\n<\/ul><\/div><\/div><div class='sticky_placeholder'><\/div><div id='after_submenu'  class='main_color av_default_container_wrap container_wrap fullsize' style=' '  ><div class='container' ><div class='template-page content  av-content-full alpha units'><div class='post-entry post-entry-type-page post-entry-2265'><div class='entry-content-wrapper clearfix'>\n<div  style='height:20px' class='hr hr-invisible  av-small-hide av-mini-hide  avia-builder-el-3  el_after_av_submenu  el_before_av_layout_row  avia-builder-el-no-sibling '><span class='hr-inner ' ><span class='hr-inner-style'><\/span><\/span><\/div>\n<\/div><\/div><\/div><!-- close content main div --><\/div><\/div><div id='av-layout-grid-1'  class='av-layout-grid-container entry-content-wrapper main_color av-flex-cells     avia-builder-el-4  el_after_av_hr  el_before_av_hr  submenu-not-first container_wrap fullsize' style=' '  >\n<div class=\"flex_cell no_margin av_one_half  avia-builder-el-5  el_before_av_cell_one_half  avia-builder-el-first   \"  style='vertical-align:top; padding:50px; ' ><div class='flex_cell_inner' ><div class=\"flex_column av_one_full  flex_column_div av-zero-column-padding first  avia-builder-el-6  avia-builder-el-no-sibling  \" style='border-radius:0px; '><p><div  style='padding-bottom:10px; ' class='av-special-heading av-special-heading-h1  blockquote modern-quote  avia-builder-el-7  el_before_av_textblock  avia-builder-el-first  av-thin-font '><h1 class='av-special-heading-tag '  itemprop=\"headline\"  ><strong>Somos su socio perfecto para la tecnolog\u00eda dental<\/strong><\/h1><div class='special-heading-border'><div class='special-heading-inner-border' ><\/div><\/div><\/div><br \/>\n<section class=\"av_textblock_section \"  itemscope=\"itemscope\" itemtype=\"https:\/\/schema.org\/CreativeWork\" ><div class='avia_textblock  '   itemprop=\"text\" ><p><strong>NOBLEDENT<\/strong> es un moderno laboratorio maestro alem\u00e1n especializado en \u00f3xido de zirconio, revestimientos cer\u00e1micos, pr\u00f3tesis de implantes, t\u00e9cnica de combinaci\u00f3n y CAD\/CAM<\/p>\n<p><strong>Por qu\u00e9 trabajar con NOBLEDENT da sus frutos para usted y sus pacientes:<\/strong><\/p>\n<p>Cuando se trata de proporcionar a sus pacientes pr\u00f3tesis dentales de alta calidad, est\u00e1 en las mejores manos con nosotros. La alta calidad constante de nuestro trabajo t\u00e9cnico dental, as\u00ed como nuestro excelente servicio al cliente, han demostrado ser de gran valor para nuestros clientes. Gracias a d\u00e9cadas de experiencia y a una formaci\u00f3n continua constante, hemos conseguido que <strong>NOBLEDENT<\/strong> sea una empresa de \u00e9xito y de renombre internacional con la que vale la pena trabajar.<\/p>\n<p>Nuestra filosof\u00eda es proporcionarle a usted y a sus pacientes la m\u00e1s alta calidad y ser siempre un socio competente y fiable!<\/p>\n<p>Tenemos demandas de muy alta calidad en la funcionalidad y la est\u00e9tica de nuestro trabajo para hacerlos felices a usted y a sus pacientes.<\/p>\n<p>S\u00f3lo cuando el paciente sale de su consulta con una brillante sonrisa somos felices.<\/p>\n<p><strong>Esta sonrisa no tiene precio, porque los pacientes satisfechos son la mejor publicidad que existe!<\/strong><\/p>\n<\/div><\/section><\/p><\/div>\n<\/div><\/div><div class=\"flex_cell no_margin av_one_half  avia-builder-el-9  el_after_av_cell_one_half  avia-builder-el-last   avia-full-stretch \"  style='background:url(https:\/\/nobledent.de\/wp-content\/uploads\/2020\/04\/Z\u00e4hne_Nobledent-1-1030x1019.jpg) center center no-repeat scroll; vertical-align:middle; padding:30px; ' ><div class='flex_cell_inner' ><\/div><\/div>\n<\/div><div id='after_submenu_1'  class='main_color av_default_container_wrap container_wrap fullsize' style=' '  ><div class='container' ><div class='template-page content  av-content-full alpha units'><div class='post-entry post-entry-type-page post-entry-2265'><div class='entry-content-wrapper clearfix'>\n<div  style='height:20px' class='hr hr-invisible  av-small-hide av-mini-hide  avia-builder-el-10  el_after_av_layout_row  el_before_av_layout_row  avia-builder-el-no-sibling '><span class='hr-inner ' ><span class='hr-inner-style'><\/span><\/span><\/div>\n<\/div><\/div><\/div><!-- close content main div --><\/div><\/div><div id='av-layout-grid-2'  class='av-layout-grid-container entry-content-wrapper main_color av-flex-cells     avia-builder-el-11  el_after_av_hr  el_before_av_hr  submenu-not-first container_wrap fullsize' style=' '  >\n<div class=\"flex_cell no_margin av_one_half  avia-builder-el-12  el_before_av_cell_one_half  avia-builder-el-first   avia-full-stretch \"  style='background:url(https:\/\/nobledent.de\/wp-content\/uploads\/2020\/05\/Nobledent_Kai_at_work-774x1030.jpg) center center no-repeat scroll; vertical-align:top; padding:30px; ' ><div class='flex_cell_inner' ><\/div><\/div><div class=\"flex_cell no_margin av_one_half  avia-builder-el-13  el_after_av_cell_one_half  avia-builder-el-last   \"  style='vertical-align:middle; padding:50px; ' ><div class='flex_cell_inner' ><div class=\"flex_column av_one_full  flex_column_div av-zero-column-padding first  avia-builder-el-14  avia-builder-el-no-sibling  \" style='border-radius:0px; '><p><div  style='padding-bottom:10px; ' class='av-special-heading av-special-heading-h2  blockquote modern-quote  avia-builder-el-15  el_before_av_textblock  avia-builder-el-first  av-thin-font '><h2 class='av-special-heading-tag '  itemprop=\"headline\"  ><strong>\u00bfLe gustar\u00eda trabajar con nosotros?<\/strong><\/h2><div class='special-heading-border'><div class='special-heading-inner-border' ><\/div><\/div><\/div><br \/>\n<section class=\"av_textblock_section \"  itemscope=\"itemscope\" itemtype=\"https:\/\/schema.org\/CreativeWork\" ><div class='avia_textblock  '   itemprop=\"text\" ><p><strong>\u00bfPor qu\u00e9 hacer compromisos?<\/strong><\/p>\n<p>De acuerdo con sus requerimientos y los deseos de sus pacientes, producimos tanto trabajos sofisticados como soluciones est\u00e1ndar con el mismo compromiso, siempre con el mismo principio: trabajo a medida hasta el \u00faltimo detalle.<\/p>\n<p>Los equipos de \u00faltima generaci\u00f3n, los materiales de alta calidad y la \u00faltima tecnolog\u00eda, combinados con nuestra artesan\u00eda y experiencia t\u00e9cnica, nos permiten ofrecer siempre una buena calidad y aplicar incluso soluciones muy individuales y sofisticadas.<\/p>\n<p>Ofrecemos un servicio c\u00f3modo para todos los aspectos de los implantes &#8211; desde la planificaci\u00f3n del trabajo junto con el dentista, pasando por la combinaci\u00f3n de componentes, hasta la fabricaci\u00f3n de pilares est\u00e9ticamente perfectos. El sistema que se utiliza es \u00fanicamente el deseo del profesional. Estamos familiarizados con todos los sistemas de implantes comunes.<\/p>\n<p>Todo cer\u00e1mica &#8211; lo m\u00e1ximo en tecnolog\u00eda dental est\u00e9tica. Nuestros conocimientos de primera clase, as\u00ed como las excelentes propiedades del material, garantizan la mejor apariencia posible y un m\u00e1ximo de seguridad para el creciente n\u00famero de pacientes con alergias.<\/p>\n<p>Las dentaduras combinadas son siempre un desaf\u00edo especial para nosotros los t\u00e9cnicos dentales. Muestra la letra de un laboratorio. Lo que se necesita es tanto creatividad para encontrar soluciones a veces poco convencionales como conocimientos y habilidades especiales para trabajar con una amplia variedad de materiales. Hemos dominado la disciplina en un grado especial. Nuestras obras combinadas son obras maestras t\u00e9cnicas y est\u00e9ticas.<\/p>\n<p>Telescopios &#8211; especialmente mediante el uso de la tecnolog\u00eda de galvanoplastia para trabajos combinados, siempre se puede realizar una soluci\u00f3n sin paladar si la situaci\u00f3n del muelle es, en consecuencia, favorable. Desde hace alg\u00fan tiempo, a petici\u00f3n de los telescopios exteriores, utilizamos un nuevo material para los telescopios exteriores. Como alternativa al oro galv\u00e1nico, est\u00e1 disponible el material \u00abPeek\u00bb. Peek es un pl\u00e1stico sin PMMA que tiene una superficie extremadamente lisa y densa, lo que significa que no puede producirse ninguna acumulaci\u00f3n o decoloraci\u00f3n bacteriana. Similar al accesorio Vario Soft, el trabajo telesc\u00f3pico se desliza suave y f\u00e1cilmente en su posici\u00f3n. La sujeci\u00f3n de la pr\u00f3tesis es extremadamente buena, ya que las fuerzas adhesivas son muy altas debido a las superficies lisas en combinaci\u00f3n con la saliva.<\/p>\n<p>La alta tecnolog\u00eda es una cuesti\u00f3n de rutina en nuestro trabajo. Gracias a la utilizaci\u00f3n de los m\u00e1s modernos sistemas CAD\/CAM, podemos ofrecer pr\u00f3tesis dentales fabricadas con precisi\u00f3n y eficacia en diversos materiales, en primer lugar el \u00f3xido de circonio. Con nuestras fresadoras CAD \/CAM le ofrecemos coronas y puentes de zirconio individuales y personalizados.<\/p>\n<\/div><\/section><\/p><\/div>\n<\/div><\/div>\n<\/div><div id='after_submenu_2'  class='main_color av_default_container_wrap container_wrap fullsize' style=' '  ><div class='container' ><div class='template-page content  av-content-full alpha units'><div class='post-entry post-entry-type-page post-entry-2265'><div class='entry-content-wrapper clearfix'>\n<div  style='height:20px' class='hr hr-invisible  av-small-hide av-mini-hide  avia-builder-el-17  el_after_av_layout_row  el_before_av_section  avia-builder-el-no-sibling '><span class='hr-inner ' ><span class='hr-inner-style'><\/span><\/span><\/div>\n<\/div><\/div><\/div><!-- close content main div --><\/div><\/div><div id='kontakt'  class='avia-section main_color avia-section-no-padding avia-no-border-styling  avia-full-stretch avia-bg-style-scroll  avia-builder-el-18  el_after_av_hr  avia-builder-el-last   container_wrap fullsize' style='background-repeat: no-repeat; background-image: url(https:\/\/nobledent.de\/wp-content\/uploads\/2020\/06\/nobledent-cta-2-1500x195.jpg);background-attachment: scroll; background-position: top left;  '  data-section-bg-repeat='stretch'><div class='container' ><div class='template-page content  av-content-full alpha units'><div class='post-entry post-entry-type-page post-entry-2265'><div class='entry-content-wrapper clearfix'>\n<div class='flex_column_table av-equal-height-column-flextable -flextable' ><div class=\"flex_column av_two_third  flex_column_table_cell av-equal-height-column av-align-middle av-zero-column-padding first  avia-builder-el-19  el_before_av_one_third  avia-builder-el-first  \" style='border-radius:0px; '><section class=\"av_textblock_section \"  itemscope=\"itemscope\" itemtype=\"https:\/\/schema.org\/CreativeWork\" ><div class='avia_textblock  av_inherit_color '  style='font-size:25px; color:#ffffff; '  itemprop=\"text\" ><p><em>\u00bfTiene preguntas o quiere hacer una cita?<\/em><\/p>\n<\/div><\/section><\/div><div class='av-flex-placeholder'><\/div><div class=\"flex_column av_one_third  flex_column_table_cell av-equal-height-column av-align-middle av-zero-column-padding   avia-builder-el-21  el_after_av_two_third  avia-builder-el-last  \" style='border-radius:0px; '><section class=\"av_textblock_section \"  itemscope=\"itemscope\" itemtype=\"https:\/\/schema.org\/CreativeWork\" ><div class='avia_textblock  av_inherit_color '  style='font-size:40px; color:#ffffff; '  itemprop=\"text\" ><p><a href=\"tel:+34971651651\"><em>+34 971 651 651<\/em><\/a><\/p>\n<\/div><\/section><\/div><\/div><!--close column table wrapper. Autoclose: 1 -->\n\n","protected":false},"excerpt":{"rendered":"","protected":false},"author":4,"featured_media":0,"parent":2111,"menu_order":0,"comment_status":"closed","ping_status":"closed","template":"","meta":{"footnotes":""},"yoast_head":"<!-- This site is optimized with the Yoast SEO plugin v23.0 - https:\/\/yoast.com\/wordpress\/plugins\/seo\/ -->\n<title>Nobledent - Dentallabor auf Mallorca - F\u00fcr Zahn\u00e4rzte<\/title>\n<meta name=\"description\" content=\"Als Zahnarzt auf Mallorca erhalten Sie von uns zahntechnische Produkte von h\u00f6chster Qualit\u00e4t.\" \/>\n<meta name=\"robots\" content=\"index, follow, max-snippet:-1, max-image-preview:large, max-video-preview:-1\" \/>\n<link rel=\"canonical\" href=\"https:\/\/nobledent.de\/es\/laboratorio-dental\/para-los-dentistas\/\" \/>\n<meta property=\"og:locale\" content=\"es_ES\" \/>\n<meta property=\"og:type\" content=\"article\" \/>\n<meta property=\"og:title\" content=\"Nobledent - Dentallabor auf Mallorca - F\u00fcr Zahn\u00e4rzte\" \/>\n<meta property=\"og:description\" content=\"Als Zahnarzt auf Mallorca erhalten Sie von uns zahntechnische Produkte von h\u00f6chster Qualit\u00e4t.\" \/>\n<meta property=\"og:url\" content=\"https:\/\/nobledent.de\/es\/laboratorio-dental\/para-los-dentistas\/\" \/>\n<meta property=\"og:site_name\" content=\"nobledent.de\" \/>\n<meta property=\"article:modified_time\" content=\"2020-08-05T06:43:33+00:00\" \/>\n<meta name=\"twitter:card\" content=\"summary_large_image\" \/>\n<meta name=\"twitter:label1\" content=\"Tiempo de lectura\" \/>\n\t<meta name=\"twitter:data1\" content=\"12 minutos\" \/>\n<script type=\"application\/ld+json\" class=\"yoast-schema-graph\">{\"@context\":\"https:\/\/schema.org\",\"@graph\":[{\"@type\":\"WebPage\",\"@id\":\"https:\/\/nobledent.de\/es\/laboratorio-dental\/para-los-dentistas\/\",\"url\":\"https:\/\/nobledent.de\/es\/laboratorio-dental\/para-los-dentistas\/\",\"name\":\"Nobledent - Dentallabor auf Mallorca - F\u00fcr Zahn\u00e4rzte\",\"isPartOf\":{\"@id\":\"https:\/\/nobledent.de\/#website\"},\"datePublished\":\"2020-04-23T14:44:37+00:00\",\"dateModified\":\"2020-08-05T06:43:33+00:00\",\"description\":\"Als Zahnarzt auf Mallorca erhalten Sie von uns zahntechnische Produkte von h\u00f6chster Qualit\u00e4t.\",\"breadcrumb\":{\"@id\":\"https:\/\/nobledent.de\/es\/laboratorio-dental\/para-los-dentistas\/#breadcrumb\"},\"inLanguage\":\"es\",\"potentialAction\":[{\"@type\":\"ReadAction\",\"target\":[\"https:\/\/nobledent.de\/es\/laboratorio-dental\/para-los-dentistas\/\"]}]},{\"@type\":\"BreadcrumbList\",\"@id\":\"https:\/\/nobledent.de\/es\/laboratorio-dental\/para-los-dentistas\/#breadcrumb\",\"itemListElement\":[{\"@type\":\"ListItem\",\"position\":1,\"name\":\"Startseite\",\"item\":\"https:\/\/nobledent.de\/es\/pagina-web\/\"},{\"@type\":\"ListItem\",\"position\":2,\"name\":\"Laboratorio Dental\",\"item\":\"https:\/\/nobledent.de\/es\/laboratorio-dental\/\"},{\"@type\":\"ListItem\",\"position\":3,\"name\":\"para los dentistas\"}]},{\"@type\":\"WebSite\",\"@id\":\"https:\/\/nobledent.de\/#website\",\"url\":\"https:\/\/nobledent.de\/\",\"name\":\"nobledent.de\",\"description\":\"Just another WordPress site\",\"publisher\":{\"@id\":\"https:\/\/nobledent.de\/#organization\"},\"potentialAction\":[{\"@type\":\"SearchAction\",\"target\":{\"@type\":\"EntryPoint\",\"urlTemplate\":\"https:\/\/nobledent.de\/?s={search_term_string}\"},\"query-input\":\"required name=search_term_string\"}],\"inLanguage\":\"es\"},{\"@type\":\"Organization\",\"@id\":\"https:\/\/nobledent.de\/#organization\",\"name\":\"Nobledent\",\"url\":\"https:\/\/nobledent.de\/\",\"logo\":{\"@type\":\"ImageObject\",\"inLanguage\":\"es\",\"@id\":\"https:\/\/nobledent.de\/#\/schema\/logo\/image\/\",\"url\":\"https:\/\/nobledent.de\/wp-content\/uploads\/2020\/02\/nobledent-logo-schatten.png\",\"contentUrl\":\"https:\/\/nobledent.de\/wp-content\/uploads\/2020\/02\/nobledent-logo-schatten.png\",\"width\":440,\"height\":160,\"caption\":\"Nobledent\"},\"image\":{\"@id\":\"https:\/\/nobledent.de\/#\/schema\/logo\/image\/\"}}]}<\/script>\n<!-- \/ Yoast SEO plugin. -->","yoast_head_json":{"title":"Nobledent - Dentallabor auf Mallorca - F\u00fcr Zahn\u00e4rzte","description":"Als Zahnarzt auf Mallorca erhalten Sie von uns zahntechnische Produkte von h\u00f6chster Qualit\u00e4t.","robots":{"index":"index","follow":"follow","max-snippet":"max-snippet:-1","max-image-preview":"max-image-preview:large","max-video-preview":"max-video-preview:-1"},"canonical":"https:\/\/nobledent.de\/es\/laboratorio-dental\/para-los-dentistas\/","og_locale":"es_ES","og_type":"article","og_title":"Nobledent - Dentallabor auf Mallorca - F\u00fcr Zahn\u00e4rzte","og_description":"Als Zahnarzt auf Mallorca erhalten Sie von uns zahntechnische Produkte von h\u00f6chster Qualit\u00e4t.","og_url":"https:\/\/nobledent.de\/es\/laboratorio-dental\/para-los-dentistas\/","og_site_name":"nobledent.de","article_modified_time":"2020-08-05T06:43:33+00:00","twitter_card":"summary_large_image","twitter_misc":{"Tiempo de lectura":"12 minutos"},"schema":{"@context":"https:\/\/schema.org","@graph":[{"@type":"WebPage","@id":"https:\/\/nobledent.de\/es\/laboratorio-dental\/para-los-dentistas\/","url":"https:\/\/nobledent.de\/es\/laboratorio-dental\/para-los-dentistas\/","name":"Nobledent - Dentallabor auf Mallorca - F\u00fcr Zahn\u00e4rzte","isPartOf":{"@id":"https:\/\/nobledent.de\/#website"},"datePublished":"2020-04-23T14:44:37+00:00","dateModified":"2020-08-05T06:43:33+00:00","description":"Als Zahnarzt auf Mallorca erhalten Sie von uns zahntechnische Produkte von h\u00f6chster Qualit\u00e4t.","breadcrumb":{"@id":"https:\/\/nobledent.de\/es\/laboratorio-dental\/para-los-dentistas\/#breadcrumb"},"inLanguage":"es","potentialAction":[{"@type":"ReadAction","target":["https:\/\/nobledent.de\/es\/laboratorio-dental\/para-los-dentistas\/"]}]},{"@type":"BreadcrumbList","@id":"https:\/\/nobledent.de\/es\/laboratorio-dental\/para-los-dentistas\/#breadcrumb","itemListElement":[{"@type":"ListItem","position":1,"name":"Startseite","item":"https:\/\/nobledent.de\/es\/pagina-web\/"},{"@type":"ListItem","position":2,"name":"Laboratorio Dental","item":"https:\/\/nobledent.de\/es\/laboratorio-dental\/"},{"@type":"ListItem","position":3,"name":"para los dentistas"}]},{"@type":"WebSite","@id":"https:\/\/nobledent.de\/#website","url":"https:\/\/nobledent.de\/","name":"nobledent.de","description":"Just another WordPress site","publisher":{"@id":"https:\/\/nobledent.de\/#organization"},"potentialAction":[{"@type":"SearchAction","target":{"@type":"EntryPoint","urlTemplate":"https:\/\/nobledent.de\/?s={search_term_string}"},"query-input":"required name=search_term_string"}],"inLanguage":"es"},{"@type":"Organization","@id":"https:\/\/nobledent.de\/#organization","name":"Nobledent","url":"https:\/\/nobledent.de\/","logo":{"@type":"ImageObject","inLanguage":"es","@id":"https:\/\/nobledent.de\/#\/schema\/logo\/image\/","url":"https:\/\/nobledent.de\/wp-content\/uploads\/2020\/02\/nobledent-logo-schatten.png","contentUrl":"https:\/\/nobledent.de\/wp-content\/uploads\/2020\/02\/nobledent-logo-schatten.png","width":440,"height":160,"caption":"Nobledent"},"image":{"@id":"https:\/\/nobledent.de\/#\/schema\/logo\/image\/"}}]}},"_links":{"self":[{"href":"https:\/\/nobledent.de\/es\/wp-json\/wp\/v2\/pages\/2265"}],"collection":[{"href":"https:\/\/nobledent.de\/es\/wp-json\/wp\/v2\/pages"}],"about":[{"href":"https:\/\/nobledent.de\/es\/wp-json\/wp\/v2\/types\/page"}],"author":[{"embeddable":true,"href":"https:\/\/nobledent.de\/es\/wp-json\/wp\/v2\/users\/4"}],"replies":[{"embeddable":true,"href":"https:\/\/nobledent.de\/es\/wp-json\/wp\/v2\/comments?post=2265"}],"version-history":[{"count":4,"href":"https:\/\/nobledent.de\/es\/wp-json\/wp\/v2\/pages\/2265\/revisions"}],"predecessor-version":[{"id":2768,"href":"https:\/\/nobledent.de\/es\/wp-json\/wp\/v2\/pages\/2265\/revisions\/2768"}],"up":[{"embeddable":true,"href":"https:\/\/nobledent.de\/es\/wp-json\/wp\/v2\/pages\/2111"}],"wp:attachment":[{"href":"https:\/\/nobledent.de\/es\/wp-json\/wp\/v2\/media?parent=2265"}],"curies":[{"name":"wp","href":"https:\/\/api.w.org\/{rel}","templated":true}]}}