{"id":2111,"date":"2020-02-26T09:13:33","date_gmt":"2020-02-26T08:13:33","guid":{"rendered":"https:\/\/nobledent.de.w017da26.kasserver.com\/dentallabor\/"},"modified":"2020-08-05T08:41:24","modified_gmt":"2020-08-05T06:41:24","slug":"laboratorio-dental","status":"publish","type":"page","link":"https:\/\/nobledent.de\/es\/laboratorio-dental\/","title":{"rendered":"Laboratorio Dental"},"content":{"rendered":"<div id='subhead'  class='avia-section main_color avia-section-default avia-no-border-styling  avia-full-stretch avia-bg-style-scroll  avia-builder-el-0  el_before_av_submenu  avia-builder-el-first   av-minimum-height av-minimum-height-custom  container_wrap fullsize' style='background-repeat: no-repeat; background-image: url(https:\/\/nobledent.de\/wp-content\/uploads\/2020\/05\/Nobledent_Farbauswahl_Zahnfarbe-1030x688.jpg);background-attachment: scroll; background-position: center center;  '  data-section-bg-repeat='stretch'><div class='container' style='height:200px'><main  role=\"main\" itemprop=\"mainContentOfPage\"  class='template-page content  av-content-full alpha units'><div class='post-entry post-entry-type-page post-entry-2111'><div class='entry-content-wrapper clearfix'>\n<\/div><\/div><\/main><!-- close content main element --><\/div><\/div><div class='clear'><\/div><div id='sub_menu1'  class='av-submenu-container main_color  avia-builder-el-1  el_after_av_section  el_before_av_submenu  submenu-style-3 av-sticky-submenu  submenu-not-first container_wrap fullsize' style='  z-index:301' ><div class='container av-menu-mobile-disabled '><ul id=\"menu-switch-menu-es\" class=\"av-subnav-menu av-submenu-pos-center\"><li id=\"menu-item-2479\" class=\"menu-item menu-item-type-post_type menu-item-object-page menu-item-top-level menu-item-top-level-1\"><a href=\"https:\/\/nobledent.de\/es\/clinica-dental\/\" itemprop=\"url\"><span class=\"avia-bullet\"><\/span><span class=\"avia-menu-text\">Clinica dental<\/span><span class=\"avia-menu-fx\"><span class=\"avia-arrow-wrap\"><span class=\"avia-arrow\"><\/span><\/span><\/span><\/a><\/li>\n<li id=\"menu-item-2481\" class=\"menu-item menu-item-type-post_type menu-item-object-page menu-item-top-level menu-item-top-level-2\"><a href=\"https:\/\/nobledent.de\/es\/laboratorio-dental\/\" itemprop=\"url\"><span class=\"avia-bullet\"><\/span><span class=\"avia-menu-text\">Laboratorio Dental<\/span><span class=\"avia-menu-fx\"><span class=\"avia-arrow-wrap\"><span class=\"avia-arrow\"><\/span><\/span><\/span><\/a><\/li>\n<li id=\"menu-item-2480\" class=\"menu-item menu-item-type-post_type menu-item-object-page menu-item-top-level menu-item-top-level-3\"><a href=\"https:\/\/nobledent.de\/es\/formacion-adicional\/\" itemprop=\"url\"><span class=\"avia-bullet\"><\/span><span class=\"avia-menu-text\">Formaci\u00f3n adicional<\/span><span class=\"avia-menu-fx\"><span class=\"avia-arrow-wrap\"><span class=\"avia-arrow\"><\/span><\/span><\/span><\/a><\/li>\n<\/ul><\/div><\/div><div class='sticky_placeholder'><\/div>\n<div class='clear'><\/div><div id='sub_menu2'  class='av-submenu-container main_color  avia-builder-el-2  el_after_av_submenu  el_before_av_hr  submenu_dental av-sticky-submenu  submenu-not-first container_wrap fullsize' style='  z-index:302' ><div class='container av-menu-mobile-disabled '><ul id=\"menu-laboratorio-dental\" class=\"av-subnav-menu av-submenu-pos-left\"><li id=\"menu-item-2493\" class=\"menu-item menu-item-type-post_type menu-item-object-page menu-item-top-level menu-item-top-level-1\"><a href=\"https:\/\/nobledent.de\/es\/laboratorio-dental\/bienvenido-al-laboratorio-dental\/\" itemprop=\"url\"><span class=\"avia-bullet\"><\/span><span class=\"avia-menu-text\">Bienvenido al laboratorio dental<\/span><span class=\"avia-menu-fx\"><span class=\"avia-arrow-wrap\"><span class=\"avia-arrow\"><\/span><\/span><\/span><\/a><\/li>\n<li id=\"menu-item-2495\" class=\"menu-item menu-item-type-post_type menu-item-object-page menu-item-top-level menu-item-top-level-2\"><a href=\"https:\/\/nobledent.de\/es\/laboratorio-dental\/kai-adamowsky\/\" itemprop=\"url\"><span class=\"avia-bullet\"><\/span><span class=\"avia-menu-text\">Kai Adamowsky \u2013 Maestro t\u00e9cnico dental<\/span><span class=\"avia-menu-fx\"><span class=\"avia-arrow-wrap\"><span class=\"avia-arrow\"><\/span><\/span><\/span><\/a><\/li>\n<li id=\"menu-item-2496\" class=\"menu-item menu-item-type-post_type menu-item-object-page menu-item-top-level menu-item-top-level-3\"><a href=\"https:\/\/nobledent.de\/es\/laboratorio-dental\/nuestros-trabajos\/\" itemprop=\"url\"><span class=\"avia-bullet\"><\/span><span class=\"avia-menu-text\">Nuestros trabajos<\/span><span class=\"avia-menu-fx\"><span class=\"avia-arrow-wrap\"><span class=\"avia-arrow\"><\/span><\/span><\/span><\/a><\/li>\n<li id=\"menu-item-2498\" class=\"menu-item menu-item-type-post_type menu-item-object-page menu-item-top-level menu-item-top-level-4\"><a href=\"https:\/\/nobledent.de\/es\/laboratorio-dental\/para-nuestros-pacientes\/\" itemprop=\"url\"><span class=\"avia-bullet\"><\/span><span class=\"avia-menu-text\">para nuestros pacientes<\/span><span class=\"avia-menu-fx\"><span class=\"avia-arrow-wrap\"><span class=\"avia-arrow\"><\/span><\/span><\/span><\/a><\/li>\n<li id=\"menu-item-2497\" class=\"menu-item menu-item-type-post_type menu-item-object-page menu-item-top-level menu-item-top-level-5\"><a href=\"https:\/\/nobledent.de\/es\/laboratorio-dental\/para-los-dentistas\/\" itemprop=\"url\"><span class=\"avia-bullet\"><\/span><span class=\"avia-menu-text\">para los dentistas<\/span><span class=\"avia-menu-fx\"><span class=\"avia-arrow-wrap\"><span class=\"avia-arrow\"><\/span><\/span><\/span><\/a><\/li>\n<li id=\"menu-item-2494\" class=\"menu-item menu-item-type-post_type menu-item-object-page menu-item-top-level menu-item-top-level-6\"><a href=\"https:\/\/nobledent.de\/es\/laboratorio-dental\/guia-de-implantaciones\/\" itemprop=\"url\"><span class=\"avia-bullet\"><\/span><span class=\"avia-menu-text\">Gu\u00eda de Implantaciones<\/span><span class=\"avia-menu-fx\"><span class=\"avia-arrow-wrap\"><span class=\"avia-arrow\"><\/span><\/span><\/span><\/a><\/li>\n<\/ul><\/div><\/div><div class='sticky_placeholder'><\/div><div id='after_submenu'  class='main_color av_default_container_wrap container_wrap fullsize' style=' '  ><div class='container' ><div class='template-page content  av-content-full alpha units'><div class='post-entry post-entry-type-page post-entry-2111'><div class='entry-content-wrapper clearfix'>\n<div  style='height:20px' class='hr hr-invisible  av-small-hide av-mini-hide  avia-builder-el-3  el_after_av_submenu  el_before_av_section  avia-builder-el-no-sibling '><span class='hr-inner ' ><span class='hr-inner-style'><\/span><\/span><\/div>\n<\/div><\/div><\/div><!-- close content main div --><\/div><\/div><div id='av_section_2'  class='avia-section main_color avia-section-default avia-no-border-styling  avia-bg-style-scroll  avia-builder-el-4  el_after_av_hr  el_before_av_section   container_wrap fullsize' style=' '  ><div class='container' ><div class='template-page content  av-content-full alpha units'><div class='post-entry post-entry-type-page post-entry-2111'><div class='entry-content-wrapper clearfix'>\n<div class=\"flex_column av_one_full  flex_column_div av-zero-column-padding first  avia-builder-el-5  avia-builder-el-no-sibling  \" style='border-radius:0px; '><p><div  style='padding-bottom:10px; ' class='av-special-heading av-special-heading-h1  blockquote modern-quote  avia-builder-el-6  el_before_av_heading  avia-builder-el-first  av-thin-font '><h1 class='av-special-heading-tag '  itemprop=\"headline\"  ><strong>NOBLEDENT es un moderno y experimentado laboratorio dental en Mallorca<\/strong><\/h1><div class='special-heading-border'><div class='special-heading-inner-border' ><\/div><\/div><\/div><br \/>\n<div  style='padding-bottom:10px; color:#777777;' class='av-special-heading av-special-heading-h3 custom-color-heading blockquote modern-quote  avia-builder-el-7  el_after_av_heading  el_before_av_textblock  av-thin-font '><h3 class='av-special-heading-tag '  itemprop=\"headline\"  ><strong>\u00a1Somos especialistas en pr\u00f3tesis dentales de la m\u00e1s alta calidad!<\/strong><\/h3><div class='special-heading-border'><div class='special-heading-inner-border' style='border-color:#777777'><\/div><\/div><\/div><br \/>\n<section class=\"av_textblock_section \"  itemscope=\"itemscope\" itemtype=\"https:\/\/schema.org\/CreativeWork\" ><div class='avia_textblock  '   itemprop=\"text\" ><p>Durante m\u00e1s de 20 a\u00f1os y, desde 2007 en Mallorca, <strong>el<\/strong> <strong>ZTM Kai Adamowsky y su equipo<\/strong> han estado proporcionando soluciones t\u00e9cnicas dentales de la m\u00e1s alta calidad.<\/p>\n<p>La combinaci\u00f3n de un equipo internacional de empleados competentes y la m\u00e1s avanzada tecnolog\u00eda de laboratorio ofrecen \u00a0acabados de alta calidad cuidando con especial atenci\u00f3n\u00a0 la est\u00e9tica de sus trabajos.<\/p>\n<p>Como proveedor de pr\u00f3tesis dentales para restauraciones sin metal, trabajos de combinaci\u00f3n y una amplia tecnolog\u00eda de implantes, le ofrecemos a usted y a sus pacientes soluciones \u00f3ptimas. La gama de servicios de nuestro laboratorio cubre todas las \u00e1reas de la tecnolog\u00eda dental moderna y abre posibilidades ilimitadas de restauraci\u00f3n tanto para pacientes \u00a0como para \u00a0dentistas.<\/p>\n<p>La fabricaci\u00f3n de pr\u00f3tesis dentales implanto &#8211; soportadas es una de nuestras especialidades. Gracias a nuestro innovador equipo t\u00e9cnico y a nuestra especializaci\u00f3n profesional, podemos resolver cualquier tarea en esta \u00e1rea. Desde el reemplazo de dientes individualizados \u00a0en implantes hasta la restauraci\u00f3n de la mand\u00edbula desdentada, nuestro laboratorio es una opci\u00f3n segura y competente.<\/p>\n<p><strong>Trabajamos para dentistas en toda Europ<\/strong>a. Gracias al intercambio de datos digitales, \u00e9ste cometido se puede llevar a cabo de forma r\u00e1pida y profesional. Nuestro trabajo se env\u00eda con empresas de transportes fiables y eficaces dando como resultado un servicio internacional r\u00e1pido y puntual.<\/p>\n<\/div><\/section><\/p><\/div>\n\n<\/div><\/div><\/div><!-- close content main div --><\/div><\/div><div id='kontakt'  class='avia-section main_color avia-section-no-padding avia-no-border-styling  avia-full-stretch avia-bg-style-scroll  avia-builder-el-9  el_after_av_section  avia-builder-el-last   container_wrap fullsize' style='background-color: #a88b44; background-repeat: no-repeat; background-image: url(https:\/\/nobledent.de\/wp-content\/uploads\/2020\/06\/nobledent-cta-2-1500x195.jpg);background-attachment: scroll; background-position: top left;  '  data-section-bg-repeat='stretch'><div class='container' ><div class='template-page content  av-content-full alpha units'><div class='post-entry post-entry-type-page post-entry-2111'><div class='entry-content-wrapper clearfix'>\n<div class='flex_column_table av-equal-height-column-flextable -flextable' ><div class=\"flex_column av_two_third  flex_column_table_cell av-equal-height-column av-align-middle av-zero-column-padding first  avia-builder-el-10  el_before_av_one_third  avia-builder-el-first  \" style='border-radius:0px; '><section class=\"av_textblock_section \"  itemscope=\"itemscope\" itemtype=\"https:\/\/schema.org\/CreativeWork\" ><div class='avia_textblock  av_inherit_color '  style='font-size:27px; color:#ffffff; '  itemprop=\"text\" ><p><em>\u00bfTiene preguntas o quiere hacer una cita?<\/em><\/p>\n<\/div><\/section><\/div><div class='av-flex-placeholder'><\/div><div class=\"flex_column av_one_third  flex_column_table_cell av-equal-height-column av-align-middle av-zero-column-padding   avia-builder-el-12  el_after_av_two_third  avia-builder-el-last  \" style='border-radius:0px; '><section class=\"av_textblock_section \"  itemscope=\"itemscope\" itemtype=\"https:\/\/schema.org\/CreativeWork\" ><div class='avia_textblock  av_inherit_color '  style='font-size:40px; color:#ffffff; '  itemprop=\"text\" ><p><a href=\"tel:+34971651651\"><em>+34 971 651 651<\/em><\/a><\/p>\n<\/div><\/section><\/div><\/div><!--close column table wrapper. Autoclose: 1 -->\n\n","protected":false},"excerpt":{"rendered":"","protected":false},"author":1,"featured_media":0,"parent":0,"menu_order":0,"comment_status":"closed","ping_status":"closed","template":"","meta":{"footnotes":""},"yoast_head":"<!-- This site is optimized with the Yoast SEO plugin v23.0 - https:\/\/yoast.com\/wordpress\/plugins\/seo\/ -->\n<title>Nobledent - Dentallabor und Zahnarztpraxis auf Mallorca<\/title>\n<meta name=\"description\" content=\"Durch unserer Erfahrung in der Zahntechnik, sind wir der richtige Ansprechpartner f\u00fcr Sie! Ganz egal ob Zahnersatz, Zahn\u00e4sthetik, etc.\" \/>\n<meta name=\"robots\" content=\"index, follow, max-snippet:-1, max-image-preview:large, max-video-preview:-1\" \/>\n<link rel=\"canonical\" href=\"https:\/\/nobledent.de\/es\/laboratorio-dental\/\" \/>\n<meta property=\"og:locale\" content=\"es_ES\" \/>\n<meta property=\"og:type\" content=\"article\" \/>\n<meta property=\"og:title\" content=\"Nobledent - Dentallabor und Zahnarztpraxis auf Mallorca\" \/>\n<meta property=\"og:description\" content=\"Durch unserer Erfahrung in der Zahntechnik, sind wir der richtige Ansprechpartner f\u00fcr Sie! Ganz egal ob Zahnersatz, Zahn\u00e4sthetik, etc.\" \/>\n<meta property=\"og:url\" content=\"https:\/\/nobledent.de\/es\/laboratorio-dental\/\" \/>\n<meta property=\"og:site_name\" content=\"nobledent.de\" \/>\n<meta property=\"article:modified_time\" content=\"2020-08-05T06:41:24+00:00\" \/>\n<meta name=\"twitter:card\" content=\"summary_large_image\" \/>\n<meta name=\"twitter:label1\" content=\"Tiempo de lectura\" \/>\n\t<meta name=\"twitter:data1\" content=\"7 minutos\" \/>\n<script type=\"application\/ld+json\" class=\"yoast-schema-graph\">{\"@context\":\"https:\/\/schema.org\",\"@graph\":[{\"@type\":\"WebPage\",\"@id\":\"https:\/\/nobledent.de\/es\/laboratorio-dental\/\",\"url\":\"https:\/\/nobledent.de\/es\/laboratorio-dental\/\",\"name\":\"Nobledent - Dentallabor und Zahnarztpraxis auf Mallorca\",\"isPartOf\":{\"@id\":\"https:\/\/nobledent.de\/#website\"},\"datePublished\":\"2020-02-26T08:13:33+00:00\",\"dateModified\":\"2020-08-05T06:41:24+00:00\",\"description\":\"Durch unserer Erfahrung in der Zahntechnik, sind wir der richtige Ansprechpartner f\u00fcr Sie! Ganz egal ob Zahnersatz, Zahn\u00e4sthetik, etc.\",\"breadcrumb\":{\"@id\":\"https:\/\/nobledent.de\/es\/laboratorio-dental\/#breadcrumb\"},\"inLanguage\":\"es\",\"potentialAction\":[{\"@type\":\"ReadAction\",\"target\":[\"https:\/\/nobledent.de\/es\/laboratorio-dental\/\"]}]},{\"@type\":\"BreadcrumbList\",\"@id\":\"https:\/\/nobledent.de\/es\/laboratorio-dental\/#breadcrumb\",\"itemListElement\":[{\"@type\":\"ListItem\",\"position\":1,\"name\":\"Startseite\",\"item\":\"https:\/\/nobledent.de\/es\/pagina-web\/\"},{\"@type\":\"ListItem\",\"position\":2,\"name\":\"Laboratorio Dental\"}]},{\"@type\":\"WebSite\",\"@id\":\"https:\/\/nobledent.de\/#website\",\"url\":\"https:\/\/nobledent.de\/\",\"name\":\"nobledent.de\",\"description\":\"Just another WordPress site\",\"publisher\":{\"@id\":\"https:\/\/nobledent.de\/#organization\"},\"potentialAction\":[{\"@type\":\"SearchAction\",\"target\":{\"@type\":\"EntryPoint\",\"urlTemplate\":\"https:\/\/nobledent.de\/?s={search_term_string}\"},\"query-input\":\"required name=search_term_string\"}],\"inLanguage\":\"es\"},{\"@type\":\"Organization\",\"@id\":\"https:\/\/nobledent.de\/#organization\",\"name\":\"Nobledent\",\"url\":\"https:\/\/nobledent.de\/\",\"logo\":{\"@type\":\"ImageObject\",\"inLanguage\":\"es\",\"@id\":\"https:\/\/nobledent.de\/#\/schema\/logo\/image\/\",\"url\":\"https:\/\/nobledent.de\/wp-content\/uploads\/2020\/02\/nobledent-logo-schatten.png\",\"contentUrl\":\"https:\/\/nobledent.de\/wp-content\/uploads\/2020\/02\/nobledent-logo-schatten.png\",\"width\":440,\"height\":160,\"caption\":\"Nobledent\"},\"image\":{\"@id\":\"https:\/\/nobledent.de\/#\/schema\/logo\/image\/\"}}]}<\/script>\n<!-- \/ Yoast SEO plugin. -->","yoast_head_json":{"title":"Nobledent - Dentallabor und Zahnarztpraxis auf Mallorca","description":"Durch unserer Erfahrung in der Zahntechnik, sind wir der richtige Ansprechpartner f\u00fcr Sie! Ganz egal ob Zahnersatz, Zahn\u00e4sthetik, etc.","robots":{"index":"index","follow":"follow","max-snippet":"max-snippet:-1","max-image-preview":"max-image-preview:large","max-video-preview":"max-video-preview:-1"},"canonical":"https:\/\/nobledent.de\/es\/laboratorio-dental\/","og_locale":"es_ES","og_type":"article","og_title":"Nobledent - Dentallabor und Zahnarztpraxis auf Mallorca","og_description":"Durch unserer Erfahrung in der Zahntechnik, sind wir der richtige Ansprechpartner f\u00fcr Sie! Ganz egal ob Zahnersatz, Zahn\u00e4sthetik, etc.","og_url":"https:\/\/nobledent.de\/es\/laboratorio-dental\/","og_site_name":"nobledent.de","article_modified_time":"2020-08-05T06:41:24+00:00","twitter_card":"summary_large_image","twitter_misc":{"Tiempo de lectura":"7 minutos"},"schema":{"@context":"https:\/\/schema.org","@graph":[{"@type":"WebPage","@id":"https:\/\/nobledent.de\/es\/laboratorio-dental\/","url":"https:\/\/nobledent.de\/es\/laboratorio-dental\/","name":"Nobledent - Dentallabor und Zahnarztpraxis auf Mallorca","isPartOf":{"@id":"https:\/\/nobledent.de\/#website"},"datePublished":"2020-02-26T08:13:33+00:00","dateModified":"2020-08-05T06:41:24+00:00","description":"Durch unserer Erfahrung in der Zahntechnik, sind wir der richtige Ansprechpartner f\u00fcr Sie! Ganz egal ob Zahnersatz, Zahn\u00e4sthetik, etc.","breadcrumb":{"@id":"https:\/\/nobledent.de\/es\/laboratorio-dental\/#breadcrumb"},"inLanguage":"es","potentialAction":[{"@type":"ReadAction","target":["https:\/\/nobledent.de\/es\/laboratorio-dental\/"]}]},{"@type":"BreadcrumbList","@id":"https:\/\/nobledent.de\/es\/laboratorio-dental\/#breadcrumb","itemListElement":[{"@type":"ListItem","position":1,"name":"Startseite","item":"https:\/\/nobledent.de\/es\/pagina-web\/"},{"@type":"ListItem","position":2,"name":"Laboratorio Dental"}]},{"@type":"WebSite","@id":"https:\/\/nobledent.de\/#website","url":"https:\/\/nobledent.de\/","name":"nobledent.de","description":"Just another WordPress site","publisher":{"@id":"https:\/\/nobledent.de\/#organization"},"potentialAction":[{"@type":"SearchAction","target":{"@type":"EntryPoint","urlTemplate":"https:\/\/nobledent.de\/?s={search_term_string}"},"query-input":"required name=search_term_string"}],"inLanguage":"es"},{"@type":"Organization","@id":"https:\/\/nobledent.de\/#organization","name":"Nobledent","url":"https:\/\/nobledent.de\/","logo":{"@type":"ImageObject","inLanguage":"es","@id":"https:\/\/nobledent.de\/#\/schema\/logo\/image\/","url":"https:\/\/nobledent.de\/wp-content\/uploads\/2020\/02\/nobledent-logo-schatten.png","contentUrl":"https:\/\/nobledent.de\/wp-content\/uploads\/2020\/02\/nobledent-logo-schatten.png","width":440,"height":160,"caption":"Nobledent"},"image":{"@id":"https:\/\/nobledent.de\/#\/schema\/logo\/image\/"}}]}},"_links":{"self":[{"href":"https:\/\/nobledent.de\/es\/wp-json\/wp\/v2\/pages\/2111"}],"collection":[{"href":"https:\/\/nobledent.de\/es\/wp-json\/wp\/v2\/pages"}],"about":[{"href":"https:\/\/nobledent.de\/es\/wp-json\/wp\/v2\/types\/page"}],"author":[{"embeddable":true,"href":"https:\/\/nobledent.de\/es\/wp-json\/wp\/v2\/users\/1"}],"replies":[{"embeddable":true,"href":"https:\/\/nobledent.de\/es\/wp-json\/wp\/v2\/comments?post=2111"}],"version-history":[{"count":5,"href":"https:\/\/nobledent.de\/es\/wp-json\/wp\/v2\/pages\/2111\/revisions"}],"predecessor-version":[{"id":2758,"href":"https:\/\/nobledent.de\/es\/wp-json\/wp\/v2\/pages\/2111\/revisions\/2758"}],"wp:attachment":[{"href":"https:\/\/nobledent.de\/es\/wp-json\/wp\/v2\/media?parent=2111"}],"curies":[{"name":"wp","href":"https:\/\/api.w.org\/{rel}","templated":true}]}}